{"id":10,"date":"2023-04-18T01:45:26","date_gmt":"2023-04-18T01:45:26","guid":{"rendered":"https:\/\/3scorp.vn\/?page_id=10"},"modified":"2024-01-29T18:03:49","modified_gmt":"2024-01-29T11:03:49","slug":"trang-chu","status":"publish","type":"page","link":"https:\/\/3scorp.vn\/en\/","title":{"rendered":"Trang ch\u1ee7"},"content":{"rendered":"<div data-elementor-type=\"wp-post\" data-elementor-id=\"10\" class=\"elementor elementor-10\">\n\t\t\t\t\t\t\t\t\t<section class=\"elementor-section elementor-top-section elementor-element elementor-element-5a72013 elementor-section-full_width elementor-section-height-default elementor-section-height-default\" data-id=\"5a72013\" data-element_type=\"section\" data-settings=\"{&quot;background_background&quot;:&quot;classic&quot;}\" data-e-bg-lazyload=\"\">\n\t\t\t\t\t\t<div class=\"elementor-container elementor-column-gap-default\">\n\t\t\t\t\t<div class=\"elementor-column elementor-col-100 elementor-top-column elementor-element elementor-element-45a780a\" data-id=\"45a780a\" data-element_type=\"column\" data-settings=\"{&quot;background_background&quot;:&quot;slideshow&quot;,&quot;background_slideshow_gallery&quot;:[{&quot;id&quot;:68,&quot;url&quot;:&quot;http:\\\/\\\/3scorp.vn\\\/wp-content\\\/uploads\\\/2023\\\/04\\\/dackground-home.png&quot;}],&quot;background_slideshow_loop&quot;:&quot;yes&quot;,&quot;background_slideshow_slide_duration&quot;:5000,&quot;background_slideshow_slide_transition&quot;:&quot;fade&quot;,&quot;background_slideshow_transition_duration&quot;:500}\">\n\t\t\t<div class=\"elementor-widget-wrap elementor-element-populated\">\n\t\t\t\t\t\t\t\t<section class=\"elementor-section elementor-inner-section elementor-element elementor-element-7c582bb elementor-section-boxed elementor-section-height-default elementor-section-height-default\" data-id=\"7c582bb\" data-element_type=\"section\">\n\t\t\t\t\t\t<div class=\"elementor-container elementor-column-gap-default\">\n\t\t\t\t\t<div class=\"elementor-column elementor-col-50 elementor-inner-column elementor-element elementor-element-dbb9100\" data-id=\"dbb9100\" data-element_type=\"column\" data-settings=\"{&quot;background_background&quot;:&quot;slideshow&quot;,&quot;background_slideshow_gallery&quot;:[],&quot;background_slideshow_loop&quot;:&quot;yes&quot;,&quot;background_slideshow_slide_duration&quot;:5000,&quot;background_slideshow_slide_transition&quot;:&quot;fade&quot;,&quot;background_slideshow_transition_duration&quot;:500}\">\n\t\t\t<div class=\"elementor-widget-wrap elementor-element-populated\">\n\t\t\t\t\t\t\t\t<div class=\"elementor-element elementor-element-8d3f2be elementor-widget elementor-widget-heading\" data-id=\"8d3f2be\" data-element_type=\"widget\" data-widget_type=\"heading.default\">\n\t\t\t\t<div class=\"elementor-widget-container\">\n\t\t\t<style>\/*! elementor - v3.12.2 - 23-04-2023 *\/\n.elementor-heading-title{padding:0;margin:0;line-height:1}.elementor-widget-heading .elementor-heading-title[class*=elementor-size-]>a{color:inherit;font-size:inherit;line-height:inherit}.elementor-widget-heading .elementor-heading-title.elementor-size-small{font-size:15px}.elementor-widget-heading .elementor-heading-title.elementor-size-medium{font-size:19px}.elementor-widget-heading .elementor-heading-title.elementor-size-large{font-size:29px}.elementor-widget-heading .elementor-heading-title.elementor-size-xl{font-size:39px}.elementor-widget-heading .elementor-heading-title.elementor-size-xxl{font-size:59px}<\/style><h2 class=\"elementor-heading-title elementor-size-default\">CUNG C\u1ea4P S\u1ea2N PH\u1ea8M\u200b<\/h2>\t\t<\/div>\n\t\t\t\t<\/div>\n\t\t\t\t<div class=\"elementor-element elementor-element-892825d elementor-widget__width-initial elementor-widget elementor-widget-heading\" data-id=\"892825d\" data-element_type=\"widget\" data-widget_type=\"heading.default\">\n\t\t\t\t<div class=\"elementor-widget-container\">\n\t\t\t<h2 class=\"elementor-heading-title elementor-size-default\">TRUY\u1ec0N TIN B\u00c1O S\u1ef0 C\u1ed0 (CH\u00c1Y, AN NINH, ...)<\/h2>\t\t<\/div>\n\t\t\t\t<\/div>\n\t\t\t\t<div class=\"elementor-element elementor-element-e8307e5 elementor-position-left elementor-vertical-align-middle elementor-widget elementor-widget-image-box\" data-id=\"e8307e5\" data-element_type=\"widget\" data-widget_type=\"image-box.default\">\n\t\t\t\t<div class=\"elementor-widget-container\">\n\t\t\t<style>\/*! elementor - v3.12.2 - 23-04-2023 *\/\n.elementor-widget-image-box .elementor-image-box-content{width:100%}@media (min-width:768px){.elementor-widget-image-box.elementor-position-left .elementor-image-box-wrapper,.elementor-widget-image-box.elementor-position-right .elementor-image-box-wrapper{display:flex}.elementor-widget-image-box.elementor-position-right .elementor-image-box-wrapper{text-align:right;flex-direction:row-reverse}.elementor-widget-image-box.elementor-position-left .elementor-image-box-wrapper{text-align:left;flex-direction:row}.elementor-widget-image-box.elementor-position-top .elementor-image-box-img{margin:auto}.elementor-widget-image-box.elementor-vertical-align-top .elementor-image-box-wrapper{align-items:flex-start}.elementor-widget-image-box.elementor-vertical-align-middle .elementor-image-box-wrapper{align-items:center}.elementor-widget-image-box.elementor-vertical-align-bottom .elementor-image-box-wrapper{align-items:flex-end}}@media (max-width:767px){.elementor-widget-image-box .elementor-image-box-img{margin-left:auto!important;margin-right:auto!important;margin-bottom:15px}}.elementor-widget-image-box .elementor-image-box-img{display:inline-block}.elementor-widget-image-box .elementor-image-box-title a{color:inherit}.elementor-widget-image-box .elementor-image-box-wrapper{text-align:center}.elementor-widget-image-box .elementor-image-box-description{margin:0}<\/style><div class=\"elementor-image-box-wrapper\"><figure class=\"elementor-image-box-img\"><img loading=\"lazy\" decoding=\"async\" width=\"50\" height=\"47\" src=\"https:\/\/3scorp.vn\/wp-content\/uploads\/2023\/04\/Group-2206.png\" class=\"attachment-full size-full wp-image-78\" alt=\"icon\" \/><\/figure><div class=\"elementor-image-box-content\"><h3 class=\"elementor-image-box-title\">S\u1ea3n ph\u1ea9m ch\u1ea5t l\u01b0\u1ee3ng\u200b<\/h3><\/div><\/div>\t\t<\/div>\n\t\t\t\t<\/div>\n\t\t\t\t<div class=\"elementor-element elementor-element-5f82385 elementor-position-left elementor-vertical-align-middle elementor-widget elementor-widget-image-box\" data-id=\"5f82385\" data-element_type=\"widget\" data-widget_type=\"image-box.default\">\n\t\t\t\t<div class=\"elementor-widget-container\">\n\t\t\t<div class=\"elementor-image-box-wrapper\"><figure class=\"elementor-image-box-img\"><img loading=\"lazy\" decoding=\"async\" width=\"50\" height=\"47\" src=\"https:\/\/3scorp.vn\/wp-content\/uploads\/2023\/04\/Group-2206.png\" class=\"attachment-full size-full wp-image-78\" alt=\"icon\" \/><\/figure><div class=\"elementor-image-box-content\"><h3 class=\"elementor-image-box-title\">Chi ph\u00ed h\u1ee3p l\u00fd\u200b<\/h3><\/div><\/div>\t\t<\/div>\n\t\t\t\t<\/div>\n\t\t\t\t<div class=\"elementor-element elementor-element-71d5c14 elementor-position-left elementor-vertical-align-middle elementor-widget elementor-widget-image-box\" data-id=\"71d5c14\" data-element_type=\"widget\" data-widget_type=\"image-box.default\">\n\t\t\t\t<div class=\"elementor-widget-container\">\n\t\t\t<div class=\"elementor-image-box-wrapper\"><figure class=\"elementor-image-box-img\"><img loading=\"lazy\" decoding=\"async\" width=\"50\" height=\"47\" src=\"https:\/\/3scorp.vn\/wp-content\/uploads\/2023\/04\/Group-2206.png\" class=\"attachment-full size-full wp-image-78\" alt=\"icon\" \/><\/figure><div class=\"elementor-image-box-content\"><h3 class=\"elementor-image-box-title\">D\u1ec5 s\u1eed d\u1ee5ng\u200b<\/h3><\/div><\/div>\t\t<\/div>\n\t\t\t\t<\/div>\n\t\t\t\t<div class=\"elementor-element elementor-element-bce28a4 elementor-position-left elementor-vertical-align-middle elementor-widget elementor-widget-image-box\" data-id=\"bce28a4\" data-element_type=\"widget\" data-widget_type=\"image-box.default\">\n\t\t\t\t<div class=\"elementor-widget-container\">\n\t\t\t<div class=\"elementor-image-box-wrapper\"><figure class=\"elementor-image-box-img\"><img loading=\"lazy\" decoding=\"async\" width=\"50\" height=\"47\" src=\"https:\/\/3scorp.vn\/wp-content\/uploads\/2023\/04\/Group-2206.png\" class=\"attachment-full size-full wp-image-78\" alt=\"icon\" \/><\/figure><div class=\"elementor-image-box-content\"><h3 class=\"elementor-image-box-title\">B\u1ea3o h\u00e0nh d\u00e0i h\u1ea1n\u200b<\/h3><\/div><\/div>\t\t<\/div>\n\t\t\t\t<\/div>\n\t\t\t\t\t<\/div>\n\t\t<\/div>\n\t\t\t\t<div class=\"elementor-column elementor-col-50 elementor-inner-column elementor-element elementor-element-06685e1\" data-id=\"06685e1\" data-element_type=\"column\">\n\t\t\t<div class=\"elementor-widget-wrap elementor-element-populated\">\n\t\t\t\t\t\t\t\t<div class=\"elementor-element elementor-element-4229921 elementor-widget elementor-widget-image\" data-id=\"4229921\" data-element_type=\"widget\" data-widget_type=\"image.default\">\n\t\t\t\t<div class=\"elementor-widget-container\">\n\t\t\t<style>\/*! elementor - v3.12.2 - 23-04-2023 *\/\n.elementor-widget-image{text-align:center}.elementor-widget-image a{display:inline-block}.elementor-widget-image a img[src$=\".svg\"]{width:48px}.elementor-widget-image img{vertical-align:middle;display:inline-block}<\/style>\t\t\t\t\t\t\t\t\t\t\t\t<img loading=\"lazy\" decoding=\"async\" width=\"681\" height=\"364\" src=\"https:\/\/3scorp.vn\/wp-content\/uploads\/2024\/01\/image_Homepage.png\" class=\"attachment-large size-large wp-image-1078\" alt=\"\" \/>\t\t\t\t\t\t\t\t\t\t\t\t\t\t\t<\/div>\n\t\t\t\t<\/div>\n\t\t\t\t<div class=\"elementor-element elementor-element-897da55 elementor-align-center elementor-widget elementor-widget-button\" data-id=\"897da55\" data-element_type=\"widget\" data-widget_type=\"button.default\">\n\t\t\t\t<div class=\"elementor-widget-container\">\n\t\t\t\t\t<div class=\"elementor-button-wrapper\">\n\t\t\t<a href=\"https:\/\/3scorp.vn\/en\/dang-ky-dich-vu\/\" class=\"elementor-button-link elementor-button elementor-size-md\" role=\"button\">\n\t\t\t\t\t\t<span class=\"elementor-button-content-wrapper\">\n\t\t\t\t\t\t<span class=\"elementor-button-text\">\u0110\u0102NG K\u00dd S\u1eec D\u1ee4NG NGAY<\/span>\n\t\t<\/span>\n\t\t\t\t\t<\/a>\n\t\t<\/div>\n\t\t\t\t<\/div>\n\t\t\t\t<\/div>\n\t\t\t\t\t<\/div>\n\t\t<\/div>\n\t\t\t\t\t\t\t<\/div>\n\t\t<\/section>\n\t\t\t\t\t<\/div>\n\t\t<\/div>\n\t\t\t\t\t\t\t<\/div>\n\t\t<\/section>\n\t\t<div class=\"elementor-element elementor-element-bdb3e62 e-con-boxed e-con\" data-id=\"bdb3e62\" data-element_type=\"container\" data-settings=\"{&quot;content_width&quot;:&quot;boxed&quot;}\">\n\t\t\t\t\t<div class=\"e-con-inner\">\n\t\t<div class=\"elementor-element elementor-element-bae69cb e-con-boxed e-con\" data-id=\"bae69cb\" data-element_type=\"container\" data-settings=\"{&quot;content_width&quot;:&quot;boxed&quot;}\">\n\t\t\t\t\t<div class=\"e-con-inner\">\n\t\t\t\t<div class=\"elementor-element elementor-element-032b05c premium-woo-product-align-center elementor-widget elementor-widget-premium-woo-products\" data-id=\"032b05c\" data-element_type=\"widget\" data-widget_type=\"premium-woo-products.grid-1\">\n\t\t\t\t<div class=\"elementor-widget-container\">\n\t\t\t<div class=\"premium-woo-metro-style1 premium-woocommerce premium-woo-products-grid premium-woo-skin-grid-1 premium-woo-query-all\" data-page-id=\"10\" data-skin=\"grid_1\" data-quick-view=\"\"><div class=\"premium-woo-products-inner premium-woo-product__hover-swap\"><ul class=\"products columns-5\">\n\n<li class=\"post-1295 product first instock shipping-taxable product-type-simple\">\n\t<div class=\"premium-woo-product-wrapper\">\n\t\t<div class=\"premium-woo-product-thumbnail\"><a href=\"https:\/\/3scorp.vn\/en\/product\/cbxlrf\/\" class=\"woocommerce-LoopProduct-link woocommerce-loop-product__link\"><img decoding=\"async\" src=\"https:\/\/3scorp.vn\/wp-content\/uploads\/2024\/01\/cbxlrf-2.png\" alt=\"\"><\/a><\/div><div class=\"premium-woo-products-details-wrap\"><a href=\"https:\/\/3scorp.vn\/en\/product\/cbxlrf\/\" class=\"premium-woo-product__link\"><h2 class=\"woocommerce-loop-product__title\">CBXLrf<\/h2><\/a><div class=\"premium-woo-product-desc\">S\u1ea3n ph\u1ea9m ph\u00f9 h\u1ee3p v\u1edbi c\u01a1 s\u1edf kh\u00e1ch h\u00e0ng c\u00f3 y\u00eau c\u1ea7u ph\u1ea3i th\u1ea9m duy\u1ec7t v\u1ec1 ph\u00f2ng ch\u00e1y ch\u1eefa ch\u00e1y.<\/div><\/div>\t<\/div>\n<\/li>\n\n<li class=\"post-1176 product  instock shipping-taxable product-type-simple\">\n\t<div class=\"premium-woo-product-wrapper\">\n\t\t<div class=\"premium-woo-product-thumbnail\"><a href=\"https:\/\/3scorp.vn\/en\/product\/cbxpro-v4\/\" class=\"woocommerce-LoopProduct-link woocommerce-loop-product__link\"><img decoding=\"async\" src=\"https:\/\/3scorp.vn\/wp-content\/uploads\/2024\/01\/14.png\" alt=\"\"><\/a><\/div><div class=\"premium-woo-products-details-wrap\"><a href=\"https:\/\/3scorp.vn\/en\/product\/cbxpro-v4\/\" class=\"premium-woo-product__link\"><h2 class=\"woocommerce-loop-product__title\">CBXpro V4<\/h2><\/a><div class=\"premium-woo-product-desc\">S\u1ea3n ph\u1ea9m ph\u00f9 h\u1ee3p v\u1edbi c\u00e1c c\u01a1 s\u1edf kh\u00f4ng ng\u01b0\u1eddi tr\u1ef1c: Tr\u1ea1m bi\u1ebfn \u00e1p,....<\/div><\/div>\t<\/div>\n<\/li>\n\n<li class=\"post-1175 product  instock shipping-taxable product-type-simple\">\n\t<div class=\"premium-woo-product-wrapper\">\n\t\t<div class=\"premium-woo-product-thumbnail\"><a href=\"https:\/\/3scorp.vn\/en\/product\/cbxenc\/\" class=\"woocommerce-LoopProduct-link woocommerce-loop-product__link\"><img decoding=\"async\" src=\"https:\/\/3scorp.vn\/wp-content\/uploads\/2024\/01\/16.png\" alt=\"\"><\/a><\/div><div class=\"premium-woo-products-details-wrap\"><a href=\"https:\/\/3scorp.vn\/en\/product\/cbxenc\/\" class=\"premium-woo-product__link\"><h2 class=\"woocommerce-loop-product__title\">CBXenc<\/h2><\/a><div class=\"premium-woo-product-desc\">S\u1ea3n ph\u1ea9m m\u1eadt m\u00e3 d\u00e2n s\u1ef1, s\u1eed d\u1ee5ng k\u00eanh truy\u1ec1n IP, 3G\/4G, c\u00f3 ch\u1ee9c n\u0103ng: B\u1ea3o m\u1eadt k\u00eanh truy\u1ec1n; M\u00e3 h\u00f3a d\u1eef li\u1ec7u; X\u00e1c th\u1ef1c hai chi\u1ec1u; B\u1ea3o to\u00e0n d\u1eef li\u1ec7u, ch\u1ed1ng ch\u1ed1i b\u1ecf.\r\n\r\nS\u1ea3n ph\u1ea9m ph\u00f9 h\u1ee3p v\u1edbi c\u00e1c l\u0129nh v\u1ef1c: Ng\u00e2n h\u00e0ng (b\u1ea3o m\u1eadt d\u1eef li\u1ec7u t\u1eeb ATM, ph\u00f2ng giao d\u1ecbch, chi nh\u00e1nh v\u1ec1 trung t\u00e2m); \u0110i\u1ec7n l\u1ef1c (b\u1ea3o m\u1eadt d\u1eef li\u1ec7u t\u1eeb c\u00e1c tr\u1ea1m bi\u1ebfn \u00e1p, nh\u00e0 m\u00e1y ph\u00e1t \u0111i\u1ec7n v\u1ec1 trung t\u00e2m); Ph\u00e1t th\u00e0nh, truy\u1ec1n h\u00ecnh (b\u1ea3o m\u1eadt d\u1eef li\u1ec7u h\u1ed9i ngh\u1ecb truy\u1ec1n h\u00ecnh tr\u1ef1c tuy\u1ebfn, \u00e2m thanh, h\u00ecnh \u1ea3nh, camera); \u2026<\/div><\/div>\t<\/div>\n<\/li>\n\n<li class=\"post-1284 product  instock shipping-taxable product-type-simple\">\n\t<div class=\"premium-woo-product-wrapper\">\n\t\t<div class=\"premium-woo-product-thumbnail\"><a href=\"https:\/\/3scorp.vn\/en\/product\/cbxlrg\/\" class=\"woocommerce-LoopProduct-link woocommerce-loop-product__link\"><img decoding=\"async\" src=\"https:\/\/3scorp.vn\/wp-content\/uploads\/2024\/01\/cbxlrg.png\" alt=\"\"><\/a><\/div><div class=\"premium-woo-products-details-wrap\"><a href=\"https:\/\/3scorp.vn\/en\/product\/cbxlrg\/\" class=\"premium-woo-product__link\"><h2 class=\"woocommerce-loop-product__title\">CBXlrg<\/h2><\/a><div class=\"premium-woo-product-desc\">S\u1ea3n ph\u1ea9m ph\u00f9 h\u1ee3p v\u1edbi c\u00e1c c\u01a1 s\u1edf c\u00f3 s\u1eb5n m\u1ea1ng Wifi, ...\r\nS\u1ea3n ph\u1ea9m ph\u00f9 h\u1ee3p v\u1edbi c\u01a1 s\u1edf kh\u00e1ch h\u00e0ng kh\u00f4ng y\u00eau c\u1ea7u ph\u1ea3i th\u1ea9m duy\u1ec7t v\u1ec1 ph\u00f2ng ch\u00e1y ch\u1eefa ch\u00e1y.<\/div><\/div>\t<\/div>\n<\/li>\n\n<li class=\"post-1173 product last instock shipping-taxable product-type-simple\">\n\t<div class=\"premium-woo-product-wrapper\">\n\t\t<div class=\"premium-woo-product-thumbnail\"><a href=\"https:\/\/3scorp.vn\/en\/product\/cbxstd\/\" class=\"woocommerce-LoopProduct-link woocommerce-loop-product__link\"><img decoding=\"async\" src=\"https:\/\/3scorp.vn\/wp-content\/uploads\/2024\/01\/18.png\" alt=\"\"><\/a><\/div><div class=\"premium-woo-products-details-wrap\"><a href=\"https:\/\/3scorp.vn\/en\/product\/cbxstd\/\" class=\"premium-woo-product__link\"><h2 class=\"woocommerce-loop-product__title\">CBXstd<\/h2><\/a><div class=\"premium-woo-product-desc\">S\u1ea3n ph\u1ea9m ph\u00f9 h\u1ee3p v\u1edbi c\u00e1c c\u01a1 s\u1edf c\u00f3 s\u1eb5n m\u1ea1ng Wifi, Internet,...<\/div><\/div>\t<\/div>\n<\/li>\n<\/ul>\n<\/div><\/div>\t\t<\/div>\n\t\t\t\t<\/div>\n\t\t\t\t\t<\/div>\n\t\t\t\t<\/div>\n\t\t\t\t\t<\/div>\n\t\t\t\t<\/div>\n\t\t\t\t\t\t\t<\/div>","protected":false},"excerpt":{"rendered":"<p>CUNG C\u1ea4P S\u1ea2N PH\u1ea8M\u200b TRUY\u1ec0N TIN B\u00c1O S\u1ef0 C\u1ed0 (CH\u00c1Y, AN NINH, &#8230;) S\u1ea3n ph\u1ea9m ch\u1ea5t l\u01b0\u1ee3ng\u200b Chi ph\u00ed h\u1ee3p l\u00fd\u200b D\u1ec5 s\u1eed d\u1ee5ng\u200b B\u1ea3o h\u00e0nh d\u00e0i h\u1ea1n\u200b \u0110\u0102NG K\u00dd S\u1eec D\u1ee4NG NGAY CBXeco S\u1ea3n ph\u1ea9m ph\u00f9 h\u1ee3p v\u1edbi c\u01a1 s\u1edf v\u1eeba v\u00e0 nh\u1ecf \u0111\u00e3 c\u00f3 h\u1ec7 th\u1ed1ng b\u00e1o ch\u00e1y (c\u00e1c c\u01a1 s\u1edf thu\u1ed9c m\u1ee5c&hellip;&nbsp;<a href=\"https:\/\/3scorp.vn\/en\/product\/cbxstd\/\" class=\"\" rel=\"bookmark\">Read More &raquo;<span class=\"screen-reader-text\">CBXstd<\/span><\/a><\/p>","protected":false},"author":1,"featured_media":0,"parent":0,"menu_order":0,"comment_status":"closed","ping_status":"closed","template":"page-templates\/template-pagebuilder-full-width.php","meta":{"neve_meta_sidebar":"","neve_meta_container":"","neve_meta_enable_content_width":"","neve_meta_content_width":0,"neve_meta_title_alignment":"","neve_meta_author_avatar":"","neve_post_elements_order":"","neve_meta_disable_header":"","neve_meta_disable_footer":"","neve_meta_disable_title":"","pgc_sgb_lightbox_settings":"","footnotes":""},"acf":[],"_links":{"self":[{"href":"https:\/\/3scorp.vn\/en\/wp-json\/wp\/v2\/pages\/10"}],"collection":[{"href":"https:\/\/3scorp.vn\/en\/wp-json\/wp\/v2\/pages"}],"about":[{"href":"https:\/\/3scorp.vn\/en\/wp-json\/wp\/v2\/types\/page"}],"author":[{"embeddable":true,"href":"https:\/\/3scorp.vn\/en\/wp-json\/wp\/v2\/users\/1"}],"replies":[{"embeddable":true,"href":"https:\/\/3scorp.vn\/en\/wp-json\/wp\/v2\/comments?post=10"}],"version-history":[{"count":98,"href":"https:\/\/3scorp.vn\/en\/wp-json\/wp\/v2\/pages\/10\/revisions"}],"predecessor-version":[{"id":1166,"href":"https:\/\/3scorp.vn\/en\/wp-json\/wp\/v2\/pages\/10\/revisions\/1166"}],"wp:attachment":[{"href":"https:\/\/3scorp.vn\/en\/wp-json\/wp\/v2\/media?parent=10"}],"curies":[{"name":"wp","href":"https:\/\/api.w.org\/{rel}","templated":true}]}}