{"id":1131,"date":"2024-01-29T14:13:28","date_gmt":"2024-01-29T07:13:28","guid":{"rendered":"https:\/\/3scorp.vn\/?page_id=1131"},"modified":"2024-01-29T14:21:28","modified_gmt":"2024-01-29T07:21:28","slug":"bao-hanh-va-bao-tri","status":"publish","type":"page","link":"https:\/\/3scorp.vn\/en\/bao-hanh-va-bao-tri\/","title":{"rendered":"B\u1ea3o h\u00e0nh v\u00e0 b\u1ea3o tr\u00ec"},"content":{"rendered":"<div data-elementor-type=\"wp-page\" data-elementor-id=\"1131\" class=\"elementor elementor-1131\">\n\t\t\t\t\t\t\t<div class=\"elementor-element elementor-element-4555830 e-con-boxed e-con\" data-id=\"4555830\" data-element_type=\"container\" data-settings=\"{&quot;content_width&quot;:&quot;boxed&quot;}\">\n\t\t\t\t\t<div class=\"e-con-inner\">\n\t\t<div class=\"elementor-element elementor-element-dd216d5 e-con-full e-con\" data-id=\"dd216d5\" data-element_type=\"container\" data-settings=\"{&quot;content_width&quot;:&quot;full&quot;}\">\n\t\t\t\t<div class=\"elementor-element elementor-element-eb5f4ff elementor-widget elementor-widget-heading\" data-id=\"eb5f4ff\" data-element_type=\"widget\" data-widget_type=\"heading.default\">\n\t\t\t\t<div class=\"elementor-widget-container\">\n\t\t\t<style>\/*! elementor - v3.12.2 - 23-04-2023 *\/\n.elementor-heading-title{padding:0;margin:0;line-height:1}.elementor-widget-heading .elementor-heading-title[class*=elementor-size-]>a{color:inherit;font-size:inherit;line-height:inherit}.elementor-widget-heading .elementor-heading-title.elementor-size-small{font-size:15px}.elementor-widget-heading .elementor-heading-title.elementor-size-medium{font-size:19px}.elementor-widget-heading .elementor-heading-title.elementor-size-large{font-size:29px}.elementor-widget-heading .elementor-heading-title.elementor-size-xl{font-size:39px}.elementor-widget-heading .elementor-heading-title.elementor-size-xxl{font-size:59px}<\/style><h2 class=\"elementor-heading-title elementor-size-default\">CH\u00cdNH S\u00c1CH B\u1ea2O H\u00c0NH<\/h2>\t\t<\/div>\n\t\t\t\t<\/div>\n\t\t\t\t<div class=\"elementor-element elementor-element-8307c2c elementor-widget elementor-widget-accordion\" data-id=\"8307c2c\" data-element_type=\"widget\" data-widget_type=\"accordion.default\">\n\t\t\t\t<div class=\"elementor-widget-container\">\n\t\t\t<style>\/*! elementor - v3.12.2 - 23-04-2023 *\/\n.elementor-accordion{text-align:left}.elementor-accordion .elementor-accordion-item{border:1px solid #d5d8dc}.elementor-accordion .elementor-accordion-item+.elementor-accordion-item{border-top:none}.elementor-accordion .elementor-tab-title{margin:0;padding:15px 20px;font-weight:700;line-height:1;cursor:pointer;outline:none}.elementor-accordion .elementor-tab-title .elementor-accordion-icon{display:inline-block;width:1.5em}.elementor-accordion .elementor-tab-title .elementor-accordion-icon svg{width:1em;height:1em}.elementor-accordion .elementor-tab-title .elementor-accordion-icon.elementor-accordion-icon-right{float:right;text-align:right}.elementor-accordion .elementor-tab-title .elementor-accordion-icon.elementor-accordion-icon-left{float:left;text-align:left}.elementor-accordion .elementor-tab-title .elementor-accordion-icon .elementor-accordion-icon-closed{display:block}.elementor-accordion .elementor-tab-title .elementor-accordion-icon .elementor-accordion-icon-opened,.elementor-accordion .elementor-tab-title.elementor-active .elementor-accordion-icon-closed{display:none}.elementor-accordion .elementor-tab-title.elementor-active .elementor-accordion-icon-opened{display:block}.elementor-accordion .elementor-tab-content{display:none;padding:15px 20px;border-top:1px solid #d5d8dc}@media (max-width:767px){.elementor-accordion .elementor-tab-title{padding:12px 15px}.elementor-accordion .elementor-tab-title .elementor-accordion-icon{width:1.2em}.elementor-accordion .elementor-tab-content{padding:7px 15px}}.e-con-inner>.elementor-widget-accordion,.e-con>.elementor-widget-accordion{width:var(--container-widget-width);--flex-grow:var(--container-widget-flex-grow)}<\/style>\t\t<div class=\"elementor-accordion\" role=\"tablist\">\n\t\t\t\t\t\t\t<div class=\"elementor-accordion-item\">\n\t\t\t\t\t<div id=\"elementor-tab-title-1371\" class=\"elementor-tab-title\" data-tab=\"1\" role=\"tab\" aria-controls=\"elementor-tab-content-1371\" aria-expanded=\"false\">\n\t\t\t\t\t\t\t\t\t\t\t\t\t<span class=\"elementor-accordion-icon elementor-accordion-icon-left\" aria-hidden=\"true\">\n\t\t\t\t\t\t\t\t\t\t\t\t\t\t\t<span class=\"elementor-accordion-icon-closed\"><svg class=\"e-font-icon-svg e-fas-plus\" viewbox=\"0 0 448 512\" xmlns=\"http:\/\/www.w3.org\/2000\/svg\"><path d=\"M416 208H272V64c0-17.67-14.33-32-32-32h-32c-17.67 0-32 14.33-32 32v144H32c-17.67 0-32 14.33-32 32v32c0 17.67 14.33 32 32 32h144v144c0 17.67 14.33 32 32 32h32c17.67 0 32-14.33 32-32V304h144c17.67 0 32-14.33 32-32v-32c0-17.67-14.33-32-32-32z\"><\/path><\/svg><\/span>\n\t\t\t\t\t\t\t\t<span class=\"elementor-accordion-icon-opened\"><svg class=\"e-font-icon-svg e-fas-minus\" viewbox=\"0 0 448 512\" xmlns=\"http:\/\/www.w3.org\/2000\/svg\"><path d=\"M416 208H32c-17.67 0-32 14.33-32 32v32c0 17.67 14.33 32 32 32h384c17.67 0 32-14.33 32-32v-32c0-17.67-14.33-32-32-32z\"><\/path><\/svg><\/span>\n\t\t\t\t\t\t\t\t\t\t\t\t\t\t<\/span>\n\t\t\t\t\t\t\t\t\t\t\t\t<a class=\"elementor-accordion-title\" href=\"\">1. Th\u1eddi h\u1ea1n b\u1ea3o h\u00e0nh - b\u1ea3o   tr\u00ec<\/a>\n\t\t\t\t\t<\/div>\n\t\t\t\t\t<div id=\"elementor-tab-content-1371\" class=\"elementor-tab-content elementor-clearfix\" data-tab=\"1\" role=\"tabpanel\" aria-labelledby=\"elementor-tab-title-1371\"><div>1.1 B\u1ea3o h\u00e0nh: S\u1ea3n ph\u1ea9m \u0111\u01b0\u1ee3c b\u1ea3o h\u00e0nh 12 th\u00e1ng k\u1ec3 t\u1eeb ng\u00e0y k\u00edch ho\u1ea1t d\u1ecbch v\u1ee5 ho\u1eb7c 18 th\u00e1ng k\u1ec3 t\u1eeb ng\u00e0y xu\u1ea5t kho t\u00f9y theo \u0111i\u1ec1u ki\u1ec7n n\u00e0o \u0111\u1ebfn tr\u01b0\u1edbc.<\/div><div>1.2 B\u1ea3o tr\u00ec: S\u1ea3n ph\u1ea9m \u0111\u01b0\u1ee3c b\u1ea3o tr\u00ec, s\u1eeda ch\u1eefa, \u0111\u1ed5i m\u1edbi mi\u1ec5n ph\u00ed su\u1ed1t \u0111\u1eddi d\u1ecbch v\u1ee5.<\/div><\/div>\n\t\t\t\t<\/div>\n\t\t\t\t\t\t\t<div class=\"elementor-accordion-item\">\n\t\t\t\t\t<div id=\"elementor-tab-title-1372\" class=\"elementor-tab-title\" data-tab=\"2\" role=\"tab\" aria-controls=\"elementor-tab-content-1372\" aria-expanded=\"false\">\n\t\t\t\t\t\t\t\t\t\t\t\t\t<span class=\"elementor-accordion-icon elementor-accordion-icon-left\" aria-hidden=\"true\">\n\t\t\t\t\t\t\t\t\t\t\t\t\t\t\t<span class=\"elementor-accordion-icon-closed\"><svg class=\"e-font-icon-svg e-fas-plus\" viewbox=\"0 0 448 512\" xmlns=\"http:\/\/www.w3.org\/2000\/svg\"><path d=\"M416 208H272V64c0-17.67-14.33-32-32-32h-32c-17.67 0-32 14.33-32 32v144H32c-17.67 0-32 14.33-32 32v32c0 17.67 14.33 32 32 32h144v144c0 17.67 14.33 32 32 32h32c17.67 0 32-14.33 32-32V304h144c17.67 0 32-14.33 32-32v-32c0-17.67-14.33-32-32-32z\"><\/path><\/svg><\/span>\n\t\t\t\t\t\t\t\t<span class=\"elementor-accordion-icon-opened\"><svg class=\"e-font-icon-svg e-fas-minus\" viewbox=\"0 0 448 512\" xmlns=\"http:\/\/www.w3.org\/2000\/svg\"><path d=\"M416 208H32c-17.67 0-32 14.33-32 32v32c0 17.67 14.33 32 32 32h384c17.67 0 32-14.33 32-32v-32c0-17.67-14.33-32-32-32z\"><\/path><\/svg><\/span>\n\t\t\t\t\t\t\t\t\t\t\t\t\t\t<\/span>\n\t\t\t\t\t\t\t\t\t\t\t\t<a class=\"elementor-accordion-title\" href=\"\">2. \u0110i\u1ec1u ki\u1ec7n b\u1ea3o h\u00e0nh - b\u1ea3o tr\u00ec<\/a>\n\t\t\t\t\t<\/div>\n\t\t\t\t\t<div id=\"elementor-tab-content-1372\" class=\"elementor-tab-content elementor-clearfix\" data-tab=\"2\" role=\"tabpanel\" aria-labelledby=\"elementor-tab-title-1372\"><p>2.1 \u0110i\u1ec1u ki\u1ec7n b\u1ea3o h\u00e0nh:<\/p><p>\u2013 S\u1ea3n ph\u1ea9m y\u00eau c\u1ea7u b\u1ea3o h\u00e0nh c\u00f2n trong th\u1eddi h\u1ea1n b\u1ea3o h\u00e0nh (t\u00ednh t\u1edbi th\u1eddi \u0111i\u1ec3m 3Scorp nh\u1eadn \u0111\u01b0\u1ee3c s\u1ea3n ph\u1ea9m y\u00eau c\u1ea7u b\u1ea3o h\u00e0nh. Tr\u01b0\u1eddng h\u1ee3p s\u1ea3n ph\u1ea9m y\u00eau c\u1ea7u b\u1ea3o h\u00e0nh \u0111\u01b0\u1ee3c g\u1eedi chuy\u1ec3n ph\u00e1t nhanh th\u00ec ng\u00e0y g\u1eedi ph\u1ea3i c\u00f2n trong th\u1eddi h\u1ea1n b\u1ea3o h\u00e0nh).<\/p><p>\u2013 S\u1ea3n ph\u1ea9m y\u00eau c\u1ea7u b\u1ea3o h\u00e0nh c\u00f2n nguy\u00ean h\u00ecnh d\u1ea1ng, c\u00f2n tem ni\u00eam phong c\u1ee7a 3Scorp.<\/p><p>\u2013 S\u1ea3n ph\u1ea9m y\u00eau c\u1ea7u b\u1ea3o h\u00e0nh kh\u00f4ng thu\u1ed9c m\u1ed9t trong c\u00e1c tr\u01b0\u1eddng h\u1ee3p t\u1eeb ch\u1ed1i b\u1ea3o h\u00e0nh:<\/p><p>+ S\u1ea3n ph\u1ea9m h\u01b0 h\u1ecfng do: Thi\u00ean tai, ph\u00e1 ho\u1ea1i, ng\u1eadp n\u01b0\u1edbc, s\u00e9t \u0111\u00e1nh, h\u1ecfa ho\u1ea1n, \u0111\u1ea5u sai \u0111i\u1ec7n, ch\u1eadp \u0111i\u1ec7n ho\u1eb7c do t\u00e1c \u0111\u1ed9ng t\u1ef1 b\u00ean ngo\u00e0i, do b\u1ea3o qu\u1ea3n s\u1eed d\u1ee5ng kh\u00f4ng \u0111\u00fang k\u1ef9 thu\u1eadt, \u2026<\/p><p>+ S\u1ea3n ph\u1ea9m h\u01b0 h\u1ecfng n\u1ee9t v\u1ee1, m\u00f3p m\u00e9o, \u00e1m kh\u00f3i, r\u1ec9 s\u00e9t, m\u00f9i kh\u00e9t, \u2026<\/p><p>+ B\u1ed9 ph\u1eadn h\u01b0 h\u1ecfng do hao m\u00f2n t\u1ef1 nhi\u1ec7n: Pin, \u1eafc quy, anten, \u2026<\/p><p>2.2 \u0110i\u1ec1u ki\u1ec7n b\u1ea3o tr\u00ec:<\/p><p>\u2013 S\u1ea3n ph\u1ea9m y\u00eau c\u1ea7u b\u1ea3o tr\u00ec \u0111ang trong k\u1ef3 d\u1ecbch v\u1ee5.<\/p><p>\u2013 Kh\u00e1ch h\u00e0ng \u0111\u00e3 s\u1eed d\u1ee5ng d\u1ecbch v\u1ee5 li\u00ean t\u1ee5c kh\u00f4ng ng\u1eaft qu\u00e3ng tr\u01b0\u1edbc th\u1eddi \u0111i\u1ec3m b\u1ea3o tr\u00ec t\u1ed1i thi\u1ec3u &gt;12 th\u00e1ng v\u00e0 kh\u00f4ng thu\u1ed9c tr\u01b0\u1eddng h\u1ee3p thanh to\u00e1n d\u1ecbch v\u1ee5 sau k\u1ef3 h\u1ea1n quy \u0111\u1ecbnh.<\/p><p>\u2013 S\u1ea3n ph\u1ea9m y\u00eau c\u1ea7u b\u1ea3o tr\u00ec kh\u00f4ng thu\u1ed9c m\u1ed9t trong c\u00e1c tr\u01b0\u1eddng h\u1ee3p t\u1eeb ch\u1ed1i b\u1ea3o h\u00e0nh n\u00eau tr\u00ean.<\/p><\/div>\n\t\t\t\t<\/div>\n\t\t\t\t\t\t\t<div class=\"elementor-accordion-item\">\n\t\t\t\t\t<div id=\"elementor-tab-title-1373\" class=\"elementor-tab-title\" data-tab=\"3\" role=\"tab\" aria-controls=\"elementor-tab-content-1373\" aria-expanded=\"false\">\n\t\t\t\t\t\t\t\t\t\t\t\t\t<span class=\"elementor-accordion-icon elementor-accordion-icon-left\" aria-hidden=\"true\">\n\t\t\t\t\t\t\t\t\t\t\t\t\t\t\t<span class=\"elementor-accordion-icon-closed\"><svg class=\"e-font-icon-svg e-fas-plus\" viewbox=\"0 0 448 512\" xmlns=\"http:\/\/www.w3.org\/2000\/svg\"><path d=\"M416 208H272V64c0-17.67-14.33-32-32-32h-32c-17.67 0-32 14.33-32 32v144H32c-17.67 0-32 14.33-32 32v32c0 17.67 14.33 32 32 32h144v144c0 17.67 14.33 32 32 32h32c17.67 0 32-14.33 32-32V304h144c17.67 0 32-14.33 32-32v-32c0-17.67-14.33-32-32-32z\"><\/path><\/svg><\/span>\n\t\t\t\t\t\t\t\t<span class=\"elementor-accordion-icon-opened\"><svg class=\"e-font-icon-svg e-fas-minus\" viewbox=\"0 0 448 512\" xmlns=\"http:\/\/www.w3.org\/2000\/svg\"><path d=\"M416 208H32c-17.67 0-32 14.33-32 32v32c0 17.67 14.33 32 32 32h384c17.67 0 32-14.33 32-32v-32c0-17.67-14.33-32-32-32z\"><\/path><\/svg><\/span>\n\t\t\t\t\t\t\t\t\t\t\t\t\t\t<\/span>\n\t\t\t\t\t\t\t\t\t\t\t\t<a class=\"elementor-accordion-title\" href=\"\">3. \u0110\u1ecba \u0111i\u1ec3m b\u1ea3o h\u00e0nh - b\u1ea3o tr\u00ec<\/a>\n\t\t\t\t\t<\/div>\n\t\t\t\t\t<div id=\"elementor-tab-content-1373\" class=\"elementor-tab-content elementor-clearfix\" data-tab=\"3\" role=\"tabpanel\" aria-labelledby=\"elementor-tab-title-1373\"><p>3.1 \u0110\u1ecba \u0111i\u1ec3m b\u1ea3o h\u00e0nh: T\u1ea7ng 4, s\u1ed1 211 Xu\u00e2n Th\u1ee7y, ph\u01b0\u1eddng D\u1ecbch V\u1ecdng H\u1eadu, qu\u1eadn C\u1ea7u Gi\u1ea5y, th\u00e0nh ph\u1ed1 H\u00e0 N\u1ed9i, Vi\u1ec7t Nam.<\/p><p>3.2 \u0110\u1ecba \u0111i\u1ec3m b\u1ea3o tr\u00ec: T\u1ea1i \u0111\u1ecba ch\u1ec9 c\u1ee7a kh\u00e1ch h\u00e0ng<\/p><\/div>\n\t\t\t\t<\/div>\n\t\t\t\t\t\t\t<div class=\"elementor-accordion-item\">\n\t\t\t\t\t<div id=\"elementor-tab-title-1374\" class=\"elementor-tab-title\" data-tab=\"4\" role=\"tab\" aria-controls=\"elementor-tab-content-1374\" aria-expanded=\"false\">\n\t\t\t\t\t\t\t\t\t\t\t\t\t<span class=\"elementor-accordion-icon elementor-accordion-icon-left\" aria-hidden=\"true\">\n\t\t\t\t\t\t\t\t\t\t\t\t\t\t\t<span class=\"elementor-accordion-icon-closed\"><svg class=\"e-font-icon-svg e-fas-plus\" viewbox=\"0 0 448 512\" xmlns=\"http:\/\/www.w3.org\/2000\/svg\"><path d=\"M416 208H272V64c0-17.67-14.33-32-32-32h-32c-17.67 0-32 14.33-32 32v144H32c-17.67 0-32 14.33-32 32v32c0 17.67 14.33 32 32 32h144v144c0 17.67 14.33 32 32 32h32c17.67 0 32-14.33 32-32V304h144c17.67 0 32-14.33 32-32v-32c0-17.67-14.33-32-32-32z\"><\/path><\/svg><\/span>\n\t\t\t\t\t\t\t\t<span class=\"elementor-accordion-icon-opened\"><svg class=\"e-font-icon-svg e-fas-minus\" viewbox=\"0 0 448 512\" xmlns=\"http:\/\/www.w3.org\/2000\/svg\"><path d=\"M416 208H32c-17.67 0-32 14.33-32 32v32c0 17.67 14.33 32 32 32h384c17.67 0 32-14.33 32-32v-32c0-17.67-14.33-32-32-32z\"><\/path><\/svg><\/span>\n\t\t\t\t\t\t\t\t\t\t\t\t\t\t<\/span>\n\t\t\t\t\t\t\t\t\t\t\t\t<a class=\"elementor-accordion-title\" href=\"\">4. Th\u1eddi gian th\u1ef1c hi\u1ec7n b\u1ea3o h\u00e0nh - b\u1ea3o tr\u00ec<\/a>\n\t\t\t\t\t<\/div>\n\t\t\t\t\t<div id=\"elementor-tab-content-1374\" class=\"elementor-tab-content elementor-clearfix\" data-tab=\"4\" role=\"tabpanel\" aria-labelledby=\"elementor-tab-title-1374\"><p>4.1 Th\u1eddi gian th\u1ef1c hi\u1ec7n b\u1ea3o h\u00e0nh: 05 ng\u00e0y l\u00e0m vi\u1ec7c, k\u1ec3 t\u1eeb th\u1eddi \u0111i\u1ec3m nh\u1eadn \u0111\u01b0\u1ee3c s\u1ea3n ph\u1ea9m y\u00eau c\u1ea7u b\u1ea3o h\u00e0nh.<\/p><p>4.2 Th\u1eddi gian th\u1ef1c hi\u1ec7n b\u1ea3o tr\u00ec: trong 24 gi\u1edd k\u1ec3 t\u1eeb th\u1eddi \u0111i\u1ec3m nh\u1eadn \u0111\u01b0\u1ee3c y\u00eau c\u1ea7u b\u1ea3o tr\u00ec t\u1eeb kh\u00e1ch h\u00e0ng.<\/p><p><strong>* Gi\u00e1 tr\u1ecb th\u1eddi gian n\u00eau tr\u00ean kh\u00f4ng x\u00e9t \u0111\u1ebfn c\u00e1c tr\u01b0\u1eddng h\u1ee3p b\u1ea5t kh\u1ea3 kh\u00e1ng.<\/strong><\/p><\/div>\n\t\t\t\t<\/div>\n\t\t\t\t\t\t\t\t<\/div>\n\t\t\t\t<\/div>\n\t\t\t\t<\/div>\n\t\t\t\t<\/div>\n\t\t<div class=\"elementor-element elementor-element-af522aa e-con-full e-con\" data-id=\"af522aa\" data-element_type=\"container\" data-settings=\"{&quot;content_width&quot;:&quot;full&quot;}\">\n\t\t\t\t<div class=\"elementor-element elementor-element-5ead7c3 elementor-widget elementor-widget-heading\" data-id=\"5ead7c3\" data-element_type=\"widget\" data-widget_type=\"heading.default\">\n\t\t\t\t<div class=\"elementor-widget-container\">\n\t\t\t<h2 class=\"elementor-heading-title elementor-size-default\">QUY TR\u00ccNH B\u1ea2O H\u00c0NH<\/h2>\t\t<\/div>\n\t\t\t\t<\/div>\n\t\t\t\t<div class=\"elementor-element elementor-element-4419b16 elementor-widget elementor-widget-accordion\" data-id=\"4419b16\" data-element_type=\"widget\" data-widget_type=\"accordion.default\">\n\t\t\t\t<div class=\"elementor-widget-container\">\n\t\t\t\t\t<div class=\"elementor-accordion\" role=\"tablist\">\n\t\t\t\t\t\t\t<div class=\"elementor-accordion-item\">\n\t\t\t\t\t<div id=\"elementor-tab-title-7141\" class=\"elementor-tab-title\" data-tab=\"1\" role=\"tab\" aria-controls=\"elementor-tab-content-7141\" aria-expanded=\"false\">\n\t\t\t\t\t\t\t\t\t\t\t\t\t<span class=\"elementor-accordion-icon elementor-accordion-icon-left\" aria-hidden=\"true\">\n\t\t\t\t\t\t\t\t\t\t\t\t\t\t\t<span class=\"elementor-accordion-icon-closed\"><svg class=\"e-font-icon-svg e-fas-plus\" viewbox=\"0 0 448 512\" xmlns=\"http:\/\/www.w3.org\/2000\/svg\"><path d=\"M416 208H272V64c0-17.67-14.33-32-32-32h-32c-17.67 0-32 14.33-32 32v144H32c-17.67 0-32 14.33-32 32v32c0 17.67 14.33 32 32 32h144v144c0 17.67 14.33 32 32 32h32c17.67 0 32-14.33 32-32V304h144c17.67 0 32-14.33 32-32v-32c0-17.67-14.33-32-32-32z\"><\/path><\/svg><\/span>\n\t\t\t\t\t\t\t\t<span class=\"elementor-accordion-icon-opened\"><svg class=\"e-font-icon-svg e-fas-minus\" viewbox=\"0 0 448 512\" xmlns=\"http:\/\/www.w3.org\/2000\/svg\"><path d=\"M416 208H32c-17.67 0-32 14.33-32 32v32c0 17.67 14.33 32 32 32h384c17.67 0 32-14.33 32-32v-32c0-17.67-14.33-32-32-32z\"><\/path><\/svg><\/span>\n\t\t\t\t\t\t\t\t\t\t\t\t\t\t<\/span>\n\t\t\t\t\t\t\t\t\t\t\t\t<a class=\"elementor-accordion-title\" href=\"\">B\u01b0\u1edbc 1: Ti\u1ebfp nh\u1eadn v\u00e0 ki\u1ec3m tra s\u1ea3n ph\u1ea9m y\u00eau c\u1ea7u b\u1ea3o h\u00e0nh<\/a>\n\t\t\t\t\t<\/div>\n\t\t\t\t\t<div id=\"elementor-tab-content-7141\" class=\"elementor-tab-content elementor-clearfix\" data-tab=\"1\" role=\"tabpanel\" aria-labelledby=\"elementor-tab-title-7141\"><p>\u2013 N\u1ebfu s\u1ea3n ph\u1ea9m \u0111\u00e1p \u1ee9ng c\u00e1c \u0111i\u1ec1u ki\u1ec7n b\u1ea3o h\u00e0nh, 3Scorp s\u1ebd th\u00f4ng b\u00e1o v\u1edbi kh\u00e1ch h\u00e0ng s\u1ea3n ph\u1ea9m \u0111\u1ee7 \u0111i\u1ec1u ki\u1ec7n b\u1ea3o h\u00e0nh v\u00e0 th\u1ef1c hi\u1ec7n b\u01b0\u1edbc 2.<\/p><p>\u2013 N\u1ebfu s\u1ea3n ph\u1ea9m kh\u00f4ng \u0111\u00e1p \u1ee9ng \u0111i\u1ec1u ki\u1ec7n b\u1ea3o h\u00e0nh, 3Scorp s\u1ebd th\u00f4ng b\u00e1o v\u1edbi kh\u00e1ch h\u00e0ng s\u1ea3n ph\u1ea9m kh\u00f4ng \u0111\u1ee7 \u0111i\u1ec1u ki\u1ec7n b\u1ea3o h\u00e0nh k\u00e8m theo l\u00fd do v\u00e0 h\u00ecnh \u1ea3nh (n\u1ebfu c\u00f3), sau \u0111\u00f3 th\u00f4ng b\u00e1o cho kh\u00e1ch h\u00e0ng chi ph\u00ed kh\u1eafc ph\u1ee5c:<\/p><p>+ N\u1ebfu kh\u00e1ch h\u00e0ng \u0111\u1ed3ng \u00fd chi ph\u00ed v\u00e0 thanh to\u00e1n chi ph\u00ed cho 3Scorp trong v\u00f2ng 3 ng\u00e0y k\u1ec3 t\u1eeb th\u1eddi \u0111i\u1ec3m 3Scorp th\u00f4ng b\u00e1o chi ph\u00ed, s\u1ea3n ph\u1ea9m \u0111\u01b0\u1ee3c th\u1ef1c hi\u1ec7n kh\u1eafc ph\u1ee5c theo quy tr\u00ecnh.<\/p><p>+ N\u1ebfu kh\u00e1ch h\u00e0ng kh\u00f4ng \u0111\u1ed3ng \u00fd ho\u1eb7c kh\u00f4ng thanh to\u00e1n trong th\u1eddi gian 03 ng\u00e0y k\u1ec3 t\u1eeb ng\u00e0y 3Scorp th\u00f4ng b\u00e1o chi ph\u00ed. 3Scorp hi\u1ec3u r\u1eb1ng kh\u00e1ch h\u00e0ng kh\u00f4ng c\u00f2n nhu c\u1ea7u kh\u1eafc ph\u1ee5c s\u1ea3n ph\u1ea9m, khi \u0111\u00f3 3Scorp s\u1ebd th\u1ef1c hi\u1ec7n b\u01b0\u1edbc 4.<\/p><\/div>\n\t\t\t\t<\/div>\n\t\t\t\t\t\t\t<div class=\"elementor-accordion-item\">\n\t\t\t\t\t<div id=\"elementor-tab-title-7142\" class=\"elementor-tab-title\" data-tab=\"2\" role=\"tab\" aria-controls=\"elementor-tab-content-7142\" aria-expanded=\"false\">\n\t\t\t\t\t\t\t\t\t\t\t\t\t<span class=\"elementor-accordion-icon elementor-accordion-icon-left\" aria-hidden=\"true\">\n\t\t\t\t\t\t\t\t\t\t\t\t\t\t\t<span class=\"elementor-accordion-icon-closed\"><svg class=\"e-font-icon-svg e-fas-plus\" viewbox=\"0 0 448 512\" xmlns=\"http:\/\/www.w3.org\/2000\/svg\"><path d=\"M416 208H272V64c0-17.67-14.33-32-32-32h-32c-17.67 0-32 14.33-32 32v144H32c-17.67 0-32 14.33-32 32v32c0 17.67 14.33 32 32 32h144v144c0 17.67 14.33 32 32 32h32c17.67 0 32-14.33 32-32V304h144c17.67 0 32-14.33 32-32v-32c0-17.67-14.33-32-32-32z\"><\/path><\/svg><\/span>\n\t\t\t\t\t\t\t\t<span class=\"elementor-accordion-icon-opened\"><svg class=\"e-font-icon-svg e-fas-minus\" viewbox=\"0 0 448 512\" xmlns=\"http:\/\/www.w3.org\/2000\/svg\"><path d=\"M416 208H32c-17.67 0-32 14.33-32 32v32c0 17.67 14.33 32 32 32h384c17.67 0 32-14.33 32-32v-32c0-17.67-14.33-32-32-32z\"><\/path><\/svg><\/span>\n\t\t\t\t\t\t\t\t\t\t\t\t\t\t<\/span>\n\t\t\t\t\t\t\t\t\t\t\t\t<a class=\"elementor-accordion-title\" href=\"\">B\u01b0\u1edbc 2: Th\u1ef1c hi\u1ec7n b\u1ea3o h\u00e0nh<\/a>\n\t\t\t\t\t<\/div>\n\t\t\t\t\t<div id=\"elementor-tab-content-7142\" class=\"elementor-tab-content elementor-clearfix\" data-tab=\"2\" role=\"tabpanel\" aria-labelledby=\"elementor-tab-title-7142\"><p>T\u00f9y theo c\u00e1c h\u01b0 h\u1ecfng m\u00e0 3Scorp to\u00e0n quy\u1ec1n quy\u1ebft \u0111\u1ecbnh s\u1ea3n ph\u1ea9m b\u1ea3o h\u00e0nh \u0111\u01b0\u1ee3c thay m\u1edbi linh ki\u1ec7n, thay m\u1edbi m\u00f4 \u0111un ch\u1ee9c n\u0103ng ho\u1eb7c \u0111\u01b0\u1ee3c \u0111\u1ed5i s\u1ea3n ph\u1ea9m m\u1edbi.<\/p><\/div>\n\t\t\t\t<\/div>\n\t\t\t\t\t\t\t<div class=\"elementor-accordion-item\">\n\t\t\t\t\t<div id=\"elementor-tab-title-7143\" class=\"elementor-tab-title\" data-tab=\"3\" role=\"tab\" aria-controls=\"elementor-tab-content-7143\" aria-expanded=\"false\">\n\t\t\t\t\t\t\t\t\t\t\t\t\t<span class=\"elementor-accordion-icon elementor-accordion-icon-left\" aria-hidden=\"true\">\n\t\t\t\t\t\t\t\t\t\t\t\t\t\t\t<span class=\"elementor-accordion-icon-closed\"><svg class=\"e-font-icon-svg e-fas-plus\" viewbox=\"0 0 448 512\" xmlns=\"http:\/\/www.w3.org\/2000\/svg\"><path d=\"M416 208H272V64c0-17.67-14.33-32-32-32h-32c-17.67 0-32 14.33-32 32v144H32c-17.67 0-32 14.33-32 32v32c0 17.67 14.33 32 32 32h144v144c0 17.67 14.33 32 32 32h32c17.67 0 32-14.33 32-32V304h144c17.67 0 32-14.33 32-32v-32c0-17.67-14.33-32-32-32z\"><\/path><\/svg><\/span>\n\t\t\t\t\t\t\t\t<span class=\"elementor-accordion-icon-opened\"><svg class=\"e-font-icon-svg e-fas-minus\" viewbox=\"0 0 448 512\" xmlns=\"http:\/\/www.w3.org\/2000\/svg\"><path d=\"M416 208H32c-17.67 0-32 14.33-32 32v32c0 17.67 14.33 32 32 32h384c17.67 0 32-14.33 32-32v-32c0-17.67-14.33-32-32-32z\"><\/path><\/svg><\/span>\n\t\t\t\t\t\t\t\t\t\t\t\t\t\t<\/span>\n\t\t\t\t\t\t\t\t\t\t\t\t<a class=\"elementor-accordion-title\" href=\"\">B\u01b0\u1edbc 3: Ki\u1ec3m tra s\u1ea3n ph\u1ea9m sau b\u1ea3o h\u00e0nh<\/a>\n\t\t\t\t\t<\/div>\n\t\t\t\t\t<div id=\"elementor-tab-content-7143\" class=\"elementor-tab-content elementor-clearfix\" data-tab=\"3\" role=\"tabpanel\" aria-labelledby=\"elementor-tab-title-7143\"><p>S\u1ea3n ph\u1ea9m sau b\u1ea3o h\u00e0nh \u0111\u01b0\u1ee3c b\u1ed9 ph\u1eadn KCS ki\u1ec3m tra v\u00e0 cho ho\u1ea1t \u0111\u1ed9ng li\u00ean t\u1ee5c 24g tr\u01b0\u1edbc khi chuy\u1ec3n b\u1ed9 ph\u1eadn CSKH \u0111\u00f3ng g\u00f3i g\u1eedi cho kh\u00e1ch h\u00e0ng.<\/p><\/div>\n\t\t\t\t<\/div>\n\t\t\t\t\t\t\t<div class=\"elementor-accordion-item\">\n\t\t\t\t\t<div id=\"elementor-tab-title-7144\" class=\"elementor-tab-title\" data-tab=\"4\" role=\"tab\" aria-controls=\"elementor-tab-content-7144\" aria-expanded=\"false\">\n\t\t\t\t\t\t\t\t\t\t\t\t\t<span class=\"elementor-accordion-icon elementor-accordion-icon-left\" aria-hidden=\"true\">\n\t\t\t\t\t\t\t\t\t\t\t\t\t\t\t<span class=\"elementor-accordion-icon-closed\"><svg class=\"e-font-icon-svg e-fas-plus\" viewbox=\"0 0 448 512\" xmlns=\"http:\/\/www.w3.org\/2000\/svg\"><path d=\"M416 208H272V64c0-17.67-14.33-32-32-32h-32c-17.67 0-32 14.33-32 32v144H32c-17.67 0-32 14.33-32 32v32c0 17.67 14.33 32 32 32h144v144c0 17.67 14.33 32 32 32h32c17.67 0 32-14.33 32-32V304h144c17.67 0 32-14.33 32-32v-32c0-17.67-14.33-32-32-32z\"><\/path><\/svg><\/span>\n\t\t\t\t\t\t\t\t<span class=\"elementor-accordion-icon-opened\"><svg class=\"e-font-icon-svg e-fas-minus\" viewbox=\"0 0 448 512\" xmlns=\"http:\/\/www.w3.org\/2000\/svg\"><path d=\"M416 208H32c-17.67 0-32 14.33-32 32v32c0 17.67 14.33 32 32 32h384c17.67 0 32-14.33 32-32v-32c0-17.67-14.33-32-32-32z\"><\/path><\/svg><\/span>\n\t\t\t\t\t\t\t\t\t\t\t\t\t\t<\/span>\n\t\t\t\t\t\t\t\t\t\t\t\t<a class=\"elementor-accordion-title\" href=\"\">B\u01b0\u1edbc 4: \u0110\u00f3ng g\u00f3i v\u00e0 g\u1eedi s\u1ea3n ph\u1ea9m b\u1ea3o h\u00e0nh<\/a>\n\t\t\t\t\t<\/div>\n\t\t\t\t\t<div id=\"elementor-tab-content-7144\" class=\"elementor-tab-content elementor-clearfix\" data-tab=\"4\" role=\"tabpanel\" aria-labelledby=\"elementor-tab-title-7144\"><p>\u2013 B\u1ed9 ph\u1eadn CSKH \u0111\u00f3ng g\u00f3i v\u00e0 g\u1eedi chuy\u1ec3n ph\u00e1t nhanh s\u1ea3n ph\u1ea9m t\u1edbi kh\u00e1ch h\u00e0ng.<\/p><p>\u2013 N\u1ed9i dung ch\u1ee9ng t\u1eeb chuy\u1ec3n ph\u00e1t nhanh s\u1ebd \u0111\u01b0\u1ee3c b\u1ed9 ph\u1eadn CSKH th\u00f4ng b\u00e1o cho kh\u00e1ch h\u00e0ng (qua \u0111i\u1ec7n tho\u1ea1i, mail, ho\u1eb7c c\u00e1c h\u00ecnh th\u1ee9c tin \u0111i\u1ec7n t\u1eed kh\u00e1c) \u0111\u1ec3 kh\u00e1ch h\u00e0ng theo d\u00f5i, b\u1ed1 tr\u00ed nh\u1eadn s\u1ea3n ph\u1ea9m.<\/p><\/div>\n\t\t\t\t<\/div>\n\t\t\t\t\t\t\t\t<\/div>\n\t\t\t\t<\/div>\n\t\t\t\t<\/div>\n\t\t\t\t<\/div>\n\t\t\t\t\t<\/div>\n\t\t\t\t<\/div>\n\t\t\t\t\t\t\t<\/div>","protected":false},"excerpt":{"rendered":"<p>CH\u00cdNH S\u00c1CH B\u1ea2O H\u00c0NH 1. Th\u1eddi h\u1ea1n b\u1ea3o h\u00e0nh &#8211; b\u1ea3o tr\u00ec 1.1 B\u1ea3o h\u00e0nh: S\u1ea3n ph\u1ea9m \u0111\u01b0\u1ee3c b\u1ea3o h\u00e0nh 12 th\u00e1ng k\u1ec3 t\u1eeb ng\u00e0y k\u00edch ho\u1ea1t d\u1ecbch v\u1ee5 ho\u1eb7c 18 th\u00e1ng k\u1ec3 t\u1eeb ng\u00e0y xu\u1ea5t kho t\u00f9y theo \u0111i\u1ec1u ki\u1ec7n n\u00e0o \u0111\u1ebfn tr\u01b0\u1edbc.1.2 B\u1ea3o tr\u00ec: S\u1ea3n ph\u1ea9m \u0111\u01b0\u1ee3c b\u1ea3o tr\u00ec, s\u1eeda ch\u1eefa, \u0111\u1ed5i m\u1edbi&hellip;&nbsp;<a href=\"https:\/\/3scorp.vn\/en\/bao-hanh-va-bao-tri\/\" class=\"\" rel=\"bookmark\">Read More &raquo;<span class=\"screen-reader-text\">B\u1ea3o h\u00e0nh v\u00e0 b\u1ea3o tr\u00ec<\/span><\/a><\/p>","protected":false},"author":1,"featured_media":0,"parent":0,"menu_order":0,"comment_status":"closed","ping_status":"closed","template":"page-templates\/template-pagebuilder-full-width.php","meta":{"neve_meta_sidebar":"","neve_meta_container":"","neve_meta_enable_content_width":"","neve_meta_content_width":0,"neve_meta_title_alignment":"","neve_meta_author_avatar":"","neve_post_elements_order":"","neve_meta_disable_header":"","neve_meta_disable_footer":"","neve_meta_disable_title":"","pgc_sgb_lightbox_settings":"","footnotes":""},"acf":[],"_links":{"self":[{"href":"https:\/\/3scorp.vn\/en\/wp-json\/wp\/v2\/pages\/1131"}],"collection":[{"href":"https:\/\/3scorp.vn\/en\/wp-json\/wp\/v2\/pages"}],"about":[{"href":"https:\/\/3scorp.vn\/en\/wp-json\/wp\/v2\/types\/page"}],"author":[{"embeddable":true,"href":"https:\/\/3scorp.vn\/en\/wp-json\/wp\/v2\/users\/1"}],"replies":[{"embeddable":true,"href":"https:\/\/3scorp.vn\/en\/wp-json\/wp\/v2\/comments?post=1131"}],"version-history":[{"count":4,"href":"https:\/\/3scorp.vn\/en\/wp-json\/wp\/v2\/pages\/1131\/revisions"}],"predecessor-version":[{"id":1135,"href":"https:\/\/3scorp.vn\/en\/wp-json\/wp\/v2\/pages\/1131\/revisions\/1135"}],"wp:attachment":[{"href":"https:\/\/3scorp.vn\/en\/wp-json\/wp\/v2\/media?parent=1131"}],"curies":[{"name":"wp","href":"https:\/\/api.w.org\/{rel}","templated":true}]}}