{"id":1150,"date":"2024-01-29T16:05:57","date_gmt":"2024-01-29T09:05:57","guid":{"rendered":"https:\/\/3scorp.vn\/?page_id=1150"},"modified":"2024-01-29T16:50:21","modified_gmt":"2024-01-29T09:50:21","slug":"dang-ky-dich-vu","status":"publish","type":"page","link":"https:\/\/3scorp.vn\/en\/dang-ky-dich-vu\/","title":{"rendered":"\u0110\u0103ng k\u00fd d\u1ecbch v\u1ee5"},"content":{"rendered":"<div data-elementor-type=\"wp-page\" data-elementor-id=\"1150\" class=\"elementor elementor-1150\">\n\t\t\t\t\t\t\t<div class=\"elementor-element elementor-element-3d31a5a e-con-boxed e-con\" data-id=\"3d31a5a\" data-element_type=\"container\" data-settings=\"{&quot;background_background&quot;:&quot;classic&quot;,&quot;content_width&quot;:&quot;boxed&quot;}\">\n\t\t\t\t\t<div class=\"e-con-inner\">\n\t\t\t\t<div class=\"elementor-element elementor-element-15f196e elementor-widget elementor-widget-shortcode\" data-id=\"15f196e\" data-element_type=\"widget\" data-widget_type=\"shortcode.default\">\n\t\t\t\t<div class=\"elementor-widget-container\">\n\t\t\t\t\t<div class=\"elementor-shortcode\"><iframe src=\"https:\/\/cbx.vn\/dang-ky-dich-vu\"  id=\"iFrame1\" allowfullscreen style=\"height:780px\"><\/iframe>\n<\/div>\n\t\t\t\t<\/div>\n\t\t\t\t<\/div>\n\t\t\t\t\t<\/div>\n\t\t\t\t<\/div>\n\t\t\t\t\t\t\t<\/div>","protected":false},"excerpt":{"rendered":"","protected":false},"author":1,"featured_media":0,"parent":0,"menu_order":0,"comment_status":"closed","ping_status":"closed","template":"page-templates\/template-pagebuilder-full-width.php","meta":{"neve_meta_sidebar":"","neve_meta_container":"","neve_meta_enable_content_width":"","neve_meta_content_width":0,"neve_meta_title_alignment":"","neve_meta_author_avatar":"","neve_post_elements_order":"","neve_meta_disable_header":"","neve_meta_disable_footer":"","neve_meta_disable_title":"","pgc_sgb_lightbox_settings":"","footnotes":""},"acf":[],"_links":{"self":[{"href":"https:\/\/3scorp.vn\/en\/wp-json\/wp\/v2\/pages\/1150"}],"collection":[{"href":"https:\/\/3scorp.vn\/en\/wp-json\/wp\/v2\/pages"}],"about":[{"href":"https:\/\/3scorp.vn\/en\/wp-json\/wp\/v2\/types\/page"}],"author":[{"embeddable":true,"href":"https:\/\/3scorp.vn\/en\/wp-json\/wp\/v2\/users\/1"}],"replies":[{"embeddable":true,"href":"https:\/\/3scorp.vn\/en\/wp-json\/wp\/v2\/comments?post=1150"}],"version-history":[{"count":3,"href":"https:\/\/3scorp.vn\/en\/wp-json\/wp\/v2\/pages\/1150\/revisions"}],"predecessor-version":[{"id":1153,"href":"https:\/\/3scorp.vn\/en\/wp-json\/wp\/v2\/pages\/1150\/revisions\/1153"}],"wp:attachment":[{"href":"https:\/\/3scorp.vn\/en\/wp-json\/wp\/v2\/media?parent=1150"}],"curies":[{"name":"wp","href":"https:\/\/api.w.org\/{rel}","templated":true}]}}