{"id":500,"date":"2023-04-25T10:54:25","date_gmt":"2023-04-25T03:54:25","guid":{"rendered":"https:\/\/3scorp.vn\/?page_id=500"},"modified":"2023-05-17T12:29:32","modified_gmt":"2023-05-17T05:29:32","slug":"dieu-khoan-va-bao-mat","status":"publish","type":"page","link":"https:\/\/3scorp.vn\/en\/dieu-khoan-va-bao-mat\/","title":{"rendered":"\u0110i\u1ec1u kho\u1ea3n v\u00e0 B\u1ea3o m\u1eadt"},"content":{"rendered":"<div data-elementor-type=\"wp-page\" data-elementor-id=\"500\" class=\"elementor elementor-500\">\n\t\t\t\t\t\t\t\t\t<section class=\"elementor-section elementor-top-section elementor-element elementor-element-7896802 elementor-section-boxed elementor-section-height-default elementor-section-height-default\" data-id=\"7896802\" data-element_type=\"section\">\n\t\t\t\t\t\t<div class=\"elementor-container elementor-column-gap-default\">\n\t\t\t\t\t<div class=\"elementor-column elementor-col-50 elementor-top-column elementor-element elementor-element-b05a6ef\" data-id=\"b05a6ef\" data-element_type=\"column\">\n\t\t\t<div class=\"elementor-widget-wrap elementor-element-populated\">\n\t\t\t\t\t\t\t\t<div class=\"elementor-element elementor-element-371c52e elementor-widget elementor-widget-heading\" data-id=\"371c52e\" data-element_type=\"widget\" data-widget_type=\"heading.default\">\n\t\t\t\t<div class=\"elementor-widget-container\">\n\t\t\t<style>\/*! elementor - v3.12.2 - 23-04-2023 *\/\n.elementor-heading-title{padding:0;margin:0;line-height:1}.elementor-widget-heading .elementor-heading-title[class*=elementor-size-]>a{color:inherit;font-size:inherit;line-height:inherit}.elementor-widget-heading .elementor-heading-title.elementor-size-small{font-size:15px}.elementor-widget-heading .elementor-heading-title.elementor-size-medium{font-size:19px}.elementor-widget-heading .elementor-heading-title.elementor-size-large{font-size:29px}.elementor-widget-heading .elementor-heading-title.elementor-size-xl{font-size:39px}.elementor-widget-heading .elementor-heading-title.elementor-size-xxl{font-size:59px}<\/style><h2 class=\"elementor-heading-title elementor-size-default\">\u0110i\u1ec1u kho\u1ea3n &amp; B\u1ea3o m\u1eadt<\/h2>\t\t<\/div>\n\t\t\t\t<\/div>\n\t\t\t\t<div class=\"elementor-element elementor-element-8b7afe2 elementor-widget elementor-widget-text-editor\" data-id=\"8b7afe2\" data-element_type=\"widget\" data-widget_type=\"text-editor.default\">\n\t\t\t\t<div class=\"elementor-widget-container\">\n\t\t\t<style>\/*! elementor - v3.12.2 - 23-04-2023 *\/\n.elementor-widget-text-editor.elementor-drop-cap-view-stacked .elementor-drop-cap{background-color:#69727d;color:#fff}.elementor-widget-text-editor.elementor-drop-cap-view-framed .elementor-drop-cap{color:#69727d;border:3px solid;background-color:transparent}.elementor-widget-text-editor:not(.elementor-drop-cap-view-default) .elementor-drop-cap{margin-top:8px}.elementor-widget-text-editor:not(.elementor-drop-cap-view-default) .elementor-drop-cap-letter{width:1em;height:1em}.elementor-widget-text-editor .elementor-drop-cap{float:left;text-align:center;line-height:1;font-size:50px}.elementor-widget-text-editor .elementor-drop-cap-letter{display:inline-block}<\/style>\t\t\t\t<p>C\u1eadp nh\u1eadt l\u1ea7n cu\u1ed1i v\u00e0o ng\u00e0y 23 th\u00e1ng 5 n\u0103m 2022<\/p>\t\t\t\t\t\t<\/div>\n\t\t\t\t<\/div>\n\t\t\t\t<section class=\"elementor-section elementor-inner-section elementor-element elementor-element-3e1a19a elementor-section-boxed elementor-section-height-default elementor-section-height-default\" data-id=\"3e1a19a\" data-element_type=\"section\">\n\t\t\t\t\t\t<div class=\"elementor-container elementor-column-gap-default\">\n\t\t\t\t\t<div class=\"elementor-column elementor-col-100 elementor-inner-column elementor-element elementor-element-7e51990\" data-id=\"7e51990\" data-element_type=\"column\">\n\t\t\t<div class=\"elementor-widget-wrap elementor-element-populated\">\n\t\t\t\t\t\t\t\t<div class=\"elementor-element elementor-element-d858b70 elementor-widget elementor-widget-heading\" data-id=\"d858b70\" data-element_type=\"widget\" data-widget_type=\"heading.default\">\n\t\t\t\t<div class=\"elementor-widget-container\">\n\t\t\t<h2 class=\"elementor-heading-title elementor-size-default\">\u0110i\u1ec1u kho\u1ea3n<\/h2>\t\t<\/div>\n\t\t\t\t<\/div>\n\t\t\t\t<div class=\"elementor-element elementor-element-0eca0fb elementor-widget elementor-widget-heading\" data-id=\"0eca0fb\" data-element_type=\"widget\" id=\"info\" data-widget_type=\"heading.default\">\n\t\t\t\t<div class=\"elementor-widget-container\">\n\t\t\t<h3 class=\"elementor-heading-title elementor-size-default\">1. V\u1ec1 Website 3Scorp.vn:<\/h3>\t\t<\/div>\n\t\t\t\t<\/div>\n\t\t\t\t<div class=\"elementor-element elementor-element-bfa0dc7 elementor-widget elementor-widget-text-editor\" data-id=\"bfa0dc7\" data-element_type=\"widget\" data-widget_type=\"text-editor.default\">\n\t\t\t\t<div class=\"elementor-widget-container\">\n\t\t\t\t\t\t\t<p>Website 3Scorp thu\u1ed9c quy\u1ec1n s\u1edf h\u1eefu v\u00e0 qu\u1ea3n l\u00fd c\u1ee7a 3Scorp. C\u00e1c th\u00f4ng tin hi\u1ec3n th\u1ecb tr\u00ean Website n\u00e0y nh\u1eb1m m\u1ee5c \u0111\u00edch cung c\u1ea5p th\u00f4ng tin v\u1ec1 c\u00e1c s\u1ea3n ph\u1ea9m, d\u1ecbch v\u1ee5, ch\u01b0\u01a1ng tr\u00ecnh khuy\u1ebfn m\u1ea1i c\u0169ng nh\u01b0 c\u00e1c ch\u01b0\u01a1ng tr\u00ecnh ch\u0103m s\u00f3c kh\u00e1ch h\u00e0ng c\u1ee7a 3Scorp;<\/p>\t\t\t\t\t\t<\/div>\n\t\t\t\t<\/div>\n\t\t\t\t<div class=\"elementor-element elementor-element-1a7329f elementor-widget elementor-widget-text-editor\" data-id=\"1a7329f\" data-element_type=\"widget\" data-widget_type=\"text-editor.default\">\n\t\t\t\t<div class=\"elementor-widget-container\">\n\t\t\t\t\t\t\t<div><p>\u00a03Scorp c\u00f3 to\u00e0n quy\u1ec1n s\u1eeda \u0111\u1ed5i c\u00e1c Ch\u00ednh s\u00e1ch, \u0110i\u1ec1u kho\u1ea3n v\u00e0 \u0110i\u1ec1u ki\u1ec7n \u0111\u01b0\u1ee3c n\u00eau t\u1ea1i website n\u00e0y v\u00e0o b\u1ea5t k\u1ef3 th\u1eddi \u0111i\u1ec3m n\u00e0o. C\u00e1c s\u1eeda \u0111\u1ed5i \u0111\u00f3 s\u1ebd c\u00f3 hi\u1ec7u l\u1ef1c ngay t\u1ea1i th\u1eddi \u0111i\u1ec3m \u0111\u01b0\u1ee3c \u0111\u0103ng t\u1ea3i l\u00ean Website 3Scorp.vn;<\/p><\/div>\t\t\t\t\t\t<\/div>\n\t\t\t\t<\/div>\n\t\t\t\t<div class=\"elementor-element elementor-element-9fe3428 elementor-widget elementor-widget-text-editor\" data-id=\"9fe3428\" data-element_type=\"widget\" data-widget_type=\"text-editor.default\">\n\t\t\t\t<div class=\"elementor-widget-container\">\n\t\t\t\t\t\t\t<div>Khi s\u1eed d\u1ee5ng Website n\u00e0y, Qu\u00fd kh\u00e1ch \u0111\u00e3 m\u1eb7c nhi\u00ean \u0111\u1ed3ng \u00fd v\u1edbi c\u00e1c \u0111i\u1ec1u kho\u1ea3n v\u00e0 \u0111i\u1ec1u ki\u1ec7n c\u1ee7a 3Scorp. Do v\u1eady, \u0111\u1ec1 ngh\u1ecb Qu\u00fd kh\u00e1ch \u0111\u1ecdc v\u00e0 nghi\u00ean c\u1ee9u k\u1ef9 tr\u01b0\u1edbc khi ti\u1ebfp t\u1ee5c s\u1eed d\u1ee5ng Website n\u00e0y;<\/div>\t\t\t\t\t\t<\/div>\n\t\t\t\t<\/div>\n\t\t\t\t<div class=\"elementor-element elementor-element-15373ef elementor-widget elementor-widget-text-editor\" data-id=\"15373ef\" data-element_type=\"widget\" data-widget_type=\"text-editor.default\">\n\t\t\t\t<div class=\"elementor-widget-container\">\n\t\t\t\t\t\t\t<div>T\u1ea5t c\u1ea3 c\u00e1c th\u00f4ng tin g\u1eedi, nh\u1eadn qua c\u00e1c d\u1ecbch v\u1ee5 c\u1ee7a 3Scorp nh\u01b0 SMS, Email, \u2026 \u0111\u1ec1u mang t\u00ednh ri\u00eang t\u01b0, v\u00ec v\u1eady 3Scorp s\u1ebd kh\u00f4ng ki\u1ec3m so\u00e1t n\u1ed9i dung. Do \u0111\u00f3, ng\u01b0\u1eddi s\u1eed d\u1ee5ng s\u1ebd ph\u1ea3i tu\u00e2n th\u1ee7 c\u00e1c quy \u0111\u1ecbnh c\u1ee7a nh\u00e0 N\u01b0\u1edbc Vi\u1ec7t Nam v\u00e0 t\u1ef1 ch\u1ecbu tr\u00e1ch nhi\u1ec7m \u0111\u1ed1i v\u1edbi to\u00e0n b\u1ed9 n\u1ed9i dung SMS, Email, \u2026 \u0111\u00e3 g\u1eedi tr\u01b0\u1edbc ph\u00e1p lu\u1eadt;\u00a0<\/div>\t\t\t\t\t\t<\/div>\n\t\t\t\t<\/div>\n\t\t\t\t<div class=\"elementor-element elementor-element-b192eee elementor-widget elementor-widget-text-editor\" data-id=\"b192eee\" data-element_type=\"widget\" data-widget_type=\"text-editor.default\">\n\t\t\t\t<div class=\"elementor-widget-container\">\n\t\t\t\t\t\t\t<div>C\u00e1c th\u00e0nh vi\u00ean s\u1eed d\u1ee5ng website n\u00e0y kh\u00f4ng \u0111\u01b0\u1ee3c g\u1eedi c\u00e1c n\u1ed9i dung:\u00a0Vi ph\u1ea1m thu\u1ea7n phong m\u1ef9 t\u1ee5c Vi\u1ec7t Nam.\u00a0Kinh doanh b\u1ea5t h\u1ee3p ph\u00e1p.\u00a0An ninh \u2013 Ch\u00ednh tr\u1ecb \u2013 Qu\u00e2n s\u1ef1.\u00a0Vi ph\u1ea1m hay h\u01b0\u1edbng d\u1eabn ng\u01b0\u1eddi kh\u00e1c vi ph\u1ea1m ph\u00e1p lu\u1eadt n\u01b0\u1edbc C\u1ed9ng h\u00f2a x\u00e3 h\u1ed9i ch\u1ee7 ngh\u0129a Vi\u1ec7t Nam.<\/div>\t\t\t\t\t\t<\/div>\n\t\t\t\t<\/div>\n\t\t\t\t<div class=\"elementor-element elementor-element-2e01bdc elementor-widget elementor-widget-heading\" data-id=\"2e01bdc\" data-element_type=\"widget\" id=\"device\" data-widget_type=\"heading.default\">\n\t\t\t\t<div class=\"elementor-widget-container\">\n\t\t\t<h3 class=\"elementor-heading-title elementor-size-default\">2. V\u1ec1 thi\u1ebft b\u1ecb: <\/h3>\t\t<\/div>\n\t\t\t\t<\/div>\n\t\t\t\t<div class=\"elementor-element elementor-element-4daff9f elementor-widget elementor-widget-text-editor\" data-id=\"4daff9f\" data-element_type=\"widget\" data-widget_type=\"text-editor.default\">\n\t\t\t\t<div class=\"elementor-widget-container\">\n\t\t\t\t\t\t\t<p>3Scorp c\u00f3 to\u00e0n quy\u1ec1n thay \u0111\u1ed5i ch\u1ee9c n\u0103ng thi\u1ebft b\u1ecb m\u00e0 kh\u00f4ng ph\u1ea3i b\u00e1o tr\u01b0\u1edbc v\u1edbi kh\u00e1ch h\u00e0ng. C\u00e1c \u0111\u01a1n \u0111\u1eb7t h\u00e0ng h\u1ee3p l\u1ec7 v\u1edbi d\u00f2ng (model) thi\u1ebft b\u1ecb c\u0169, n\u1ebfu kh\u00f4ng c\u00f2n h\u00e0ng, s\u1ebd \u0111\u01b0\u1ee3c 3Scorp cung c\u1ea5p thi\u1ebft b\u1ecb m\u1edbi c\u00f9ng model ho\u1eb7c t\u01b0\u01a1ng \u0111\u01b0\u01a1ng (kh\u00e1c model).<\/p>\t\t\t\t\t\t<\/div>\n\t\t\t\t<\/div>\n\t\t\t\t<div class=\"elementor-element elementor-element-a67ed22 elementor-widget elementor-widget-heading\" data-id=\"a67ed22\" data-element_type=\"widget\" id=\"service\" data-widget_type=\"heading.default\">\n\t\t\t\t<div class=\"elementor-widget-container\">\n\t\t\t<h3 class=\"elementor-heading-title elementor-size-default\">3. V\u1ec1 d\u1ecbch v\u1ee5:<\/h3>\t\t<\/div>\n\t\t\t\t<\/div>\n\t\t\t\t<div class=\"elementor-element elementor-element-4ee434c elementor-widget elementor-widget-text-editor\" data-id=\"4ee434c\" data-element_type=\"widget\" data-widget_type=\"text-editor.default\">\n\t\t\t\t<div class=\"elementor-widget-container\">\n\t\t\t\t\t\t\t<p>3Scorp c\u00f3 to\u00e0n quy\u1ec1n th\u00eam t\u00ednh n\u0103ng, thay \u0111\u1ed5i giao di\u1ec7n, n\u00e2ng c\u1ea5p d\u1ecbch v\u1ee5 (kh\u00f4ng l\u00e0m t\u0103ng chi ph\u00ed d\u1ecbch v\u1ee5) s\u1ebd kh\u00f4ng ph\u1ea3i th\u00f4ng b\u00e1o v\u1edbi kh\u00e1ch h\u00e0ng.<\/p>\t\t\t\t\t\t<\/div>\n\t\t\t\t<\/div>\n\t\t\t\t<div class=\"elementor-element elementor-element-d47b1b6 elementor-widget elementor-widget-heading\" data-id=\"d47b1b6\" data-element_type=\"widget\" id=\"security\" data-widget_type=\"heading.default\">\n\t\t\t\t<div class=\"elementor-widget-container\">\n\t\t\t<h2 class=\"elementor-heading-title elementor-size-default\">B\u1ea3o m\u1eadt<\/h2>\t\t<\/div>\n\t\t\t\t<\/div>\n\t\t\t\t<div class=\"elementor-element elementor-element-b184034 elementor-widget elementor-widget-text-editor\" data-id=\"b184034\" data-element_type=\"widget\" data-widget_type=\"text-editor.default\">\n\t\t\t\t<div class=\"elementor-widget-container\">\n\t\t\t\t\t\t\t<p>3Scorp c\u00f4ng b\u1ed1 c\u00e1ch th\u1ee9c thu th\u1eadp, l\u01b0u tr\u1eef v\u00e0 x\u1eed l\u00fd th\u00f4ng tin ho\u1eb7c d\u1eef li\u1ec7u c\u00e1 nh\u00e2n (\u201cTh\u00f4ng tin c\u00e1 nh\u00e2n\u201d) c\u00e1c kh\u00e1ch h\u00e0ng c\u1ee7a m\u00ecnh th\u00f4ng qua wesite n\u00e0y v\u00e0\/ho\u1eb7c h\u1ee3p \u0111\u1ed3ng s\u1eed d\u1ee5ng d\u1ecbch v\u1ee5 gi\u1eefa kh\u00e1ch h\u00e0ng v\u1edbi 3Scorp.<\/p>\t\t\t\t\t\t<\/div>\n\t\t\t\t<\/div>\n\t\t\t\t<div class=\"elementor-element elementor-element-59bf8b0 elementor-widget elementor-widget-text-editor\" data-id=\"59bf8b0\" data-element_type=\"widget\" data-widget_type=\"text-editor.default\">\n\t\t\t\t<div class=\"elementor-widget-container\">\n\t\t\t\t\t\t\t<div><p>D\u1eef li\u1ec7u thu th\u1eadp v\u00e0 x\u1eed l\u00fd bao g\u1ed3m c\u00e1c th\u00f4ng tin t\u1eeb h\u1ed9 chi\u1ebfu\/CCCD\/ CMND; Th\u00f4ng tin li\u00ean l\u1ea1c nh\u01b0 s\u1ed1 \u0111i\u1ec7n tho\u1ea1i, \u0111\u1ecba ch\u1ec9 mail, s\u1ed1 nh\u00e0, s\u1edf th\u00edch, th\u00f4ng tin kh\u00e1c li\u00ean quan \u0111\u1ebfn c\u00e1c y\u00eau c\u1ea7u c\u1ee7a kh\u00e1ch h\u00e0ng; Th\u00f4ng tin trao \u0111\u1ed5i gi\u1eefa 3Scorp v\u00e0 Qu\u00fd kh\u00e1ch;<\/p><\/div>\t\t\t\t\t\t<\/div>\n\t\t\t\t<\/div>\n\t\t\t\t<div class=\"elementor-element elementor-element-efcf86c elementor-widget elementor-widget-text-editor\" data-id=\"efcf86c\" data-element_type=\"widget\" data-widget_type=\"text-editor.default\">\n\t\t\t\t<div class=\"elementor-widget-container\">\n\t\t\t\t\t\t\t<div><p>Ch\u00fang t\u00f4i cam k\u1ebft s\u1ebd b\u1ea3o m\u1eadt c\u00e1c Th\u00f4ng tin c\u00e1 nh\u00e2n c\u1ee7a kh\u00e1ch h\u00e0ng, s\u1ebd n\u1ed7 l\u1ef1c h\u1ebft s\u1ee9c v\u00e0 s\u1eed d\u1ee5ng c\u00e1c bi\u1ec7n ph\u00e1p th\u00edch h\u1ee3p \u0111\u1ec3 c\u00e1c th\u00f4ng tin m\u00e0 kh\u00e1ch h\u00e0ng cung c\u1ea5p cho ch\u00fang t\u00f4i trong qu\u00e1 tr\u00ecnh s\u1eed d\u1ee5ng website 3Scorp.vn \u0111\u01b0\u1ee3c b\u1ea3o m\u1eadt v\u00e0 b\u1ea3o v\u1ec7 kh\u1ecfi s\u1ef1 truy c\u1eadp tr\u00e1i ph\u00e9p.\u00a0Tuy nhi\u00ean, 3Scorp kh\u00f4ng \u0111\u1ea3m b\u1ea3o ng\u0103n ch\u1eb7n \u0111\u01b0\u1ee3c t\u1ea5t c\u1ea3 c\u00e1c truy c\u1eadp tr\u00e1i ph\u00e9p.<\/p><\/div>\t\t\t\t\t\t<\/div>\n\t\t\t\t<\/div>\n\t\t\t\t<div class=\"elementor-element elementor-element-e936b68 elementor-widget elementor-widget-text-editor\" data-id=\"e936b68\" data-element_type=\"widget\" data-widget_type=\"text-editor.default\">\n\t\t\t\t<div class=\"elementor-widget-container\">\n\t\t\t\t\t\t\t<div>Trong tr\u01b0\u1eddng h\u1ee3p truy c\u1eadp tr\u00e1i ph\u00e9p n\u1eb1m ngo\u00e0i kh\u1ea3 n\u0103ng ki\u1ec3m so\u00e1t c\u1ee7a 3Scorp. Ch\u00fang t\u00f4i s\u1ebd kh\u00f4ng ch\u1ecbu tr\u00e1ch nhi\u1ec7m d\u01b0\u1edbi b\u1ea5t k\u1ef3 h\u00ecnh th\u1ee9c n\u00e0o \u0111\u1ed1i v\u1edbi b\u1ea5t k\u1ef3 khi\u1ebfu n\u1ea1i, tranh ch\u1ea5p ho\u1eb7c thi\u1ec7t h\u1ea1i n\u00e0o ph\u00e1t sinh t\u1eeb ho\u1eb7c li\u00ean quan \u0111\u1ebfn truy c\u1eadp tr\u00e1i ph\u00e9p \u0111\u00f3.<\/div>\t\t\t\t\t\t<\/div>\n\t\t\t\t<\/div>\n\t\t\t\t<div class=\"elementor-element elementor-element-5338076 elementor-widget elementor-widget-text-editor\" data-id=\"5338076\" data-element_type=\"widget\" data-widget_type=\"text-editor.default\">\n\t\t\t\t<div class=\"elementor-widget-container\">\n\t\t\t\t\t\t\t<p>3Scorp kh\u00f4ng \u1ee7y quy\u1ec1n cho b\u00ean th\u1ee9 ba th\u1ef1c hi\u1ec7n vi\u1ec7c thu th\u1eadp, l\u01b0u tr\u1eef th\u00f4ng tin c\u00e1 nh\u00e2n c\u1ee7a ng\u01b0\u1eddi d\u00f9ng.<\/p>\t\t\t\t\t\t<\/div>\n\t\t\t\t<\/div>\n\t\t\t\t\t<\/div>\n\t\t<\/div>\n\t\t\t\t\t\t\t<\/div>\n\t\t<\/section>\n\t\t\t\t\t<\/div>\n\t\t<\/div>\n\t\t\t\t<div class=\"elementor-column elementor-col-50 elementor-top-column elementor-element elementor-element-e5b652d\" data-id=\"e5b652d\" data-element_type=\"column\">\n\t\t\t<div class=\"elementor-widget-wrap elementor-element-populated\">\n\t\t\t\t\t\t\t\t<section class=\"elementor-section elementor-inner-section elementor-element elementor-element-c3baf65 elementor-section-boxed elementor-section-height-default elementor-section-height-default\" data-id=\"c3baf65\" data-element_type=\"section\">\n\t\t\t\t\t\t<div class=\"elementor-container elementor-column-gap-default\">\n\t\t\t\t\t<div class=\"elementor-column elementor-col-100 elementor-inner-column elementor-element elementor-element-23fc6cb po-fixed\" data-id=\"23fc6cb\" data-element_type=\"column\" data-settings=\"{&quot;background_background&quot;:&quot;classic&quot;}\">\n\t\t\t<div class=\"elementor-widget-wrap elementor-element-populated\">\n\t\t\t\t\t\t\t\t<div class=\"elementor-element elementor-element-7640b58 elementor-widget elementor-widget-heading\" data-id=\"7640b58\" data-element_type=\"widget\" data-widget_type=\"heading.default\">\n\t\t\t\t<div class=\"elementor-widget-container\">\n\t\t\t<h2 class=\"elementor-heading-title elementor-size-default\">M\u1ee5c l\u1ee5c<\/h2>\t\t<\/div>\n\t\t\t\t<\/div>\n\t\t\t\t<div class=\"elementor-element elementor-element-4fa1cb4 elementor-icon-list--layout-traditional elementor-list-item-link-full_width elementor-widget elementor-widget-icon-list\" data-id=\"4fa1cb4\" data-element_type=\"widget\" data-widget_type=\"icon-list.default\">\n\t\t\t\t<div class=\"elementor-widget-container\">\n\t\t\t<link rel=\"stylesheet\" href=\"https:\/\/3scorp.vn\/wp-content\/plugins\/elementor\/assets\/css\/widget-icon-list.min.css\">\t\t<ul class=\"elementor-icon-list-items\">\n\t\t\t\t\t\t\t<li class=\"elementor-icon-list-item\">\n\t\t\t\t\t\t\t\t\t\t\t<a href=\"https:\/\/3scorp.vn\/en\/dieu-khoan-va-bao-mat\/\">\n\n\t\t\t\t\t\t\t\t\t\t\t<span class=\"elementor-icon-list-text\">1. V\u1ec1 Website 3Scorp.vn<\/span>\n\t\t\t\t\t\t\t\t\t\t\t<\/a>\n\t\t\t\t\t\t\t\t\t<\/li>\n\t\t\t\t\t\t\t\t<li class=\"elementor-icon-list-item\">\n\t\t\t\t\t\t\t\t\t\t\t<a href=\"https:\/\/3scorp.vn\/en\/dieu-khoan-va-bao-mat\/\">\n\n\t\t\t\t\t\t\t\t\t\t\t<span class=\"elementor-icon-list-text\">2. V\u1ec1 thi\u1ebft b\u1ecb<\/span>\n\t\t\t\t\t\t\t\t\t\t\t<\/a>\n\t\t\t\t\t\t\t\t\t<\/li>\n\t\t\t\t\t\t\t\t<li class=\"elementor-icon-list-item\">\n\t\t\t\t\t\t\t\t\t\t\t<a href=\"https:\/\/3scorp.vn\/en\/dieu-khoan-va-bao-mat\/\">\n\n\t\t\t\t\t\t\t\t\t\t\t<span class=\"elementor-icon-list-text\">3. V\u1ec1 d\u1ecbch v\u1ee5<\/span>\n\t\t\t\t\t\t\t\t\t\t\t<\/a>\n\t\t\t\t\t\t\t\t\t<\/li>\n\t\t\t\t\t\t\t\t<li class=\"elementor-icon-list-item\">\n\t\t\t\t\t\t\t\t\t\t\t<a href=\"https:\/\/3scorp.vn\/en\/dieu-khoan-va-bao-mat\/\">\n\n\t\t\t\t\t\t\t\t\t\t\t<span class=\"elementor-icon-list-text\">4. B\u1ea3o m\u1eadt<\/span>\n\t\t\t\t\t\t\t\t\t\t\t<\/a>\n\t\t\t\t\t\t\t\t\t<\/li>\n\t\t\t\t\t\t<\/ul>\n\t\t\t\t<\/div>\n\t\t\t\t<\/div>\n\t\t\t\t\t<\/div>\n\t\t<\/div>\n\t\t\t\t\t\t\t<\/div>\n\t\t<\/section>\n\t\t\t\t\t<\/div>\n\t\t<\/div>\n\t\t\t\t\t\t\t<\/div>\n\t\t<\/section>\n\t\t\t\t\t\t\t<\/div>","protected":false},"excerpt":{"rendered":"<p>\u0110i\u1ec1u kho\u1ea3n &amp; B\u1ea3o m\u1eadt C\u1eadp nh\u1eadt l\u1ea7n cu\u1ed1i v\u00e0o ng\u00e0y 23 th\u00e1ng 5 n\u0103m 2022 \u0110i\u1ec1u kho\u1ea3n 1. V\u1ec1 Website 3Scorp.vn: Website 3Scorp thu\u1ed9c quy\u1ec1n s\u1edf h\u1eefu v\u00e0 qu\u1ea3n l\u00fd c\u1ee7a 3Scorp. C\u00e1c th\u00f4ng tin hi\u1ec3n th\u1ecb tr\u00ean Website n\u00e0y nh\u1eb1m m\u1ee5c \u0111\u00edch cung c\u1ea5p th\u00f4ng tin v\u1ec1 c\u00e1c s\u1ea3n ph\u1ea9m, d\u1ecbch v\u1ee5, ch\u01b0\u01a1ng&hellip;&nbsp;<a href=\"https:\/\/3scorp.vn\/en\/dieu-khoan-va-bao-mat\/\" class=\"\" rel=\"bookmark\">Read More &raquo;<span class=\"screen-reader-text\">\u0110i\u1ec1u kho\u1ea3n v\u00e0 B\u1ea3o m\u1eadt<\/span><\/a><\/p>","protected":false},"author":1,"featured_media":0,"parent":0,"menu_order":0,"comment_status":"closed","ping_status":"closed","template":"page-templates\/template-pagebuilder-full-width.php","meta":{"neve_meta_sidebar":"","neve_meta_container":"","neve_meta_enable_content_width":"","neve_meta_content_width":0,"neve_meta_title_alignment":"","neve_meta_author_avatar":"","neve_post_elements_order":"","neve_meta_disable_header":"","neve_meta_disable_footer":"","neve_meta_disable_title":"","pgc_sgb_lightbox_settings":"","footnotes":""},"acf":[],"_links":{"self":[{"href":"https:\/\/3scorp.vn\/en\/wp-json\/wp\/v2\/pages\/500"}],"collection":[{"href":"https:\/\/3scorp.vn\/en\/wp-json\/wp\/v2\/pages"}],"about":[{"href":"https:\/\/3scorp.vn\/en\/wp-json\/wp\/v2\/types\/page"}],"author":[{"embeddable":true,"href":"https:\/\/3scorp.vn\/en\/wp-json\/wp\/v2\/users\/1"}],"replies":[{"embeddable":true,"href":"https:\/\/3scorp.vn\/en\/wp-json\/wp\/v2\/comments?post=500"}],"version-history":[{"count":59,"href":"https:\/\/3scorp.vn\/en\/wp-json\/wp\/v2\/pages\/500\/revisions"}],"predecessor-version":[{"id":1061,"href":"https:\/\/3scorp.vn\/en\/wp-json\/wp\/v2\/pages\/500\/revisions\/1061"}],"wp:attachment":[{"href":"https:\/\/3scorp.vn\/en\/wp-json\/wp\/v2\/media?parent=500"}],"curies":[{"name":"wp","href":"https:\/\/api.w.org\/{rel}","templated":true}]}}