{"id":1173,"date":"2024-01-29T18:10:51","date_gmt":"2024-01-29T11:10:51","guid":{"rendered":"https:\/\/3scorp.vn\/?post_type=product&#038;p=1173"},"modified":"2024-01-29T18:24:58","modified_gmt":"2024-01-29T11:24:58","slug":"cbxstd","status":"publish","type":"product","link":"https:\/\/3scorp.vn\/en\/product\/cbxstd\/","title":{"rendered":"CBXstd"},"content":{"rendered":"<h2><strong>M\u00f4 t\u1ea3 thi\u1ebft b\u1ecb:<\/strong><\/h2>\n<p>&#8211; C\u00f3 02 ngu\u1ed3n \u0111i\u1ec7n, ngu\u1ed3n \u0111i\u1ec7n ch\u00ednh 10-30V DC v\u00e0 ngu\u1ed3n \u0111i\u1ec7n d\u1ef1 ph\u00f2ng Pin Lithium 3,7V-5000mAh.<\/p>\n<p>&#8211; C\u00f3 03 k\u00eanh truy\u1ec1n tin: LAN, WIFI, 2\/4G k\u1ebft n\u1ed1i trung t\u00e2m;<\/p>\n<p>&#8211; C\u00f3 08z (DI) k\u1ebft n\u1ed1i v\u1edbi t\u1ee7 b\u00e1o ch\u00e1y trung t\u00e2m, c\u1ea3m bi\u1ebfn ch\u00e1y, c\u1ea3m bi\u1ebfn an ninh,\u2026;<\/p>\n<p>&#8211; C\u00f3 01 Bell (AI) k\u1ebft n\u1ed1i gi\u00e1m s\u00e1t \u0111i\u1ec7n \u00e1p thi\u1ebft b\u1ecb ngo\u1ea1i vi v\u1edbi hai ch\u1ebf \u0111\u1ed9 ho\u1ea1t \u0111\u1ed9ng;<\/p>\n<p>&#8211; C\u00f3 01 c\u1ed5ng Relay (NO\/NC\/C) \u0111i\u1ec1u khi\u1ec3n thi\u1ebft b\u1ecb ngo\u1ea1i vi (\u0111\u00e8n, c\u00f2i, &#8230;);<\/p>\n<p>&#8211; Gi\u00e1m s\u00e1t nhi\u1ec7t \u0111\u1ed9, \u0111i\u1ec7n \u00e1p, tr\u1ea1ng th\u00e1i k\u1ebft n\u1ed1i,.., c\u1ea3nh b\u00e1o l\u1ed7i thi\u1ebft b\u1ecb;<\/p>\n<h2><span style=\"color: #ff0000;\"><strong>\u0110\u1eb7c bi\u1ec7t<\/strong><\/span><\/h2>\n<p>&#8211; Thi\u1ebft b\u1ecb c\u00f3 kh\u1ea3 n\u0103ng l\u00e0m vi\u1ec7c \u0111\u1ed9c l\u1eadp, c\u1ea3nh b\u00e1o qua SMS\/MAIL;<\/p>\n<p>&#8211; H\u1ed7 tr\u1ee3 ng\u01b0\u1eddi d\u00f9ng ph\u00e2n lo\u1ea1i t\u00edn hi\u1ec7u\/x\u1eed l\u00fd b\u00e1o gi\u1ea3;<\/p>\n<p>&#8211; H\u1ed7 tr\u1ee3 ki\u1ec3m so\u00e1t 08 camera, ch\u1ee5p\/g\u1eedi \u1ea3nh khi c\u00f3 s\u1ef1 c\u1ed1;<\/p>\n<p>&#8211; H\u1ed7 tr\u1ee3 k\u1ebft n\u1ed1i c\u1ea3m bi\u1ebfn kh\u00f4ng d\u00e2y c\u00f4ng ngh\u1ec7 Lora ki\u1ec3m so\u00e1t thi\u1ebft b\u1ecb ngo\u1ea1i vi.<\/p>","protected":false},"excerpt":{"rendered":"<p>S\u1ea3n ph\u1ea9m ph\u00f9 h\u1ee3p v\u1edbi c\u00e1c c\u01a1 s\u1edf c\u00f3 s\u1eb5n m\u1ea1ng Wifi, Internet,&#8230;<\/p>","protected":false},"featured_media":1193,"comment_status":"open","ping_status":"closed","template":"","meta":{"neve_meta_sidebar":"","neve_meta_container":"","neve_meta_enable_content_width":"off","neve_meta_content_width":100,"neve_meta_title_alignment":"","neve_meta_author_avatar":"","neve_post_elements_order":"","neve_meta_disable_header":"","neve_meta_disable_footer":"","neve_meta_disable_title":"","pgc_sgb_lightbox_settings":""},"product_cat":[17,24],"product_tag":[],"acf":[],"_links":{"self":[{"href":"https:\/\/3scorp.vn\/en\/wp-json\/wp\/v2\/product\/1173"}],"collection":[{"href":"https:\/\/3scorp.vn\/en\/wp-json\/wp\/v2\/product"}],"about":[{"href":"https:\/\/3scorp.vn\/en\/wp-json\/wp\/v2\/types\/product"}],"replies":[{"embeddable":true,"href":"https:\/\/3scorp.vn\/en\/wp-json\/wp\/v2\/comments?post=1173"}],"version-history":[{"count":3,"href":"https:\/\/3scorp.vn\/en\/wp-json\/wp\/v2\/product\/1173\/revisions"}],"predecessor-version":[{"id":1194,"href":"https:\/\/3scorp.vn\/en\/wp-json\/wp\/v2\/product\/1173\/revisions\/1194"}],"wp:featuredmedia":[{"embeddable":true,"href":"https:\/\/3scorp.vn\/en\/wp-json\/wp\/v2\/media\/1193"}],"wp:attachment":[{"href":"https:\/\/3scorp.vn\/en\/wp-json\/wp\/v2\/media?parent=1173"}],"wp:term":[{"taxonomy":"product_cat","embeddable":true,"href":"https:\/\/3scorp.vn\/en\/wp-json\/wp\/v2\/product_cat?post=1173"},{"taxonomy":"product_tag","embeddable":true,"href":"https:\/\/3scorp.vn\/en\/wp-json\/wp\/v2\/product_tag?post=1173"}],"curies":[{"name":"wp","href":"https:\/\/api.w.org\/{rel}","templated":true}]}}