{"id":1174,"date":"2024-01-29T18:11:03","date_gmt":"2024-01-29T11:11:03","guid":{"rendered":"https:\/\/3scorp.vn\/?post_type=product&#038;p=1174"},"modified":"2024-01-29T18:24:58","modified_gmt":"2024-01-29T11:24:58","slug":"cbpro","status":"publish","type":"product","link":"https:\/\/3scorp.vn\/en\/product\/cbpro\/","title":{"rendered":"CBXpro"},"content":{"rendered":"<h2><strong>M\u00f4 t\u1ea3 thi\u1ebft b\u1ecb:<\/strong><\/h2>\n<p>&#8211; C\u00f3 03 ngu\u1ed3n \u0111i\u1ec7n, ngu\u1ed3n \u0111i\u1ec7n ch\u00ednh 220V AC, ngu\u1ed3n \u0111i\u1ec7n d\u1ef1 ph\u00f2ng Pin Lithium 3,7V-3000mAh v\u00e0 c\u1ea7u \u0111\u1ea5u \u0111i\u1ec7n \u00e1p 9-26V DC;<\/p>\n<p>&#8211; C\u00f3 03 k\u00eanh truy\u1ec1n tin: LAN v\u00e0 2 Modul SIM k\u1ebft n\u1ed1i trung t\u00e2m;<\/p>\n<p>&#8211; C\u00f3 16z (DI) k\u1ebft n\u1ed1i v\u1edbi t\u1ee7 b\u00e1o ch\u00e1y trung t\u00e2m, c\u1ea3m bi\u1ebfn ch\u00e1y, c\u1ea3m bi\u1ebfn an ninh,\u2026;<\/p>\n<p>&#8211; C\u00f3 04 AI k\u1ebft n\u1ed1i gi\u00e1m s\u00e1t \u0111i\u1ec7n \u00e1p thi\u1ebft b\u1ecb ngo\u1ea1i vi;<\/p>\n<p>&#8211; C\u00f3 03 c\u1ed5ng Relay (NO \/C) \u0111i\u1ec1u khi\u1ec3n thi\u1ebft b\u1ecb ngo\u1ea1i vi (\u0111\u00e8n, c\u00f2i, &#8230;);<\/p>\n<p>&#8211; Gi\u00e1m s\u00e1t nhi\u1ec7t \u0111\u1ed9, \u0111i\u1ec7n \u00e1p, tr\u1ea1ng th\u00e1i k\u1ebft n\u1ed1i,.., c\u1ea3nh b\u00e1o l\u1ed7i thi\u1ebft b\u1ecb;<\/p>","protected":false},"excerpt":{"rendered":"<p>S\u1ea3n ph\u1ea9m ph\u00f9 h\u1ee3p v\u1edbi c\u00e1c c\u01a1 s\u1edf kh\u00f4ng c\u00f3 m\u1ea1ng Internet,&#8230;<\/p>","protected":false},"featured_media":1186,"comment_status":"open","ping_status":"closed","template":"","meta":{"neve_meta_sidebar":"","neve_meta_container":"","neve_meta_enable_content_width":"off","neve_meta_content_width":100,"neve_meta_title_alignment":"","neve_meta_author_avatar":"","neve_post_elements_order":"","neve_meta_disable_header":"","neve_meta_disable_footer":"","neve_meta_disable_title":"","pgc_sgb_lightbox_settings":""},"product_cat":[17,24],"product_tag":[],"acf":[],"_links":{"self":[{"href":"https:\/\/3scorp.vn\/en\/wp-json\/wp\/v2\/product\/1174"}],"collection":[{"href":"https:\/\/3scorp.vn\/en\/wp-json\/wp\/v2\/product"}],"about":[{"href":"https:\/\/3scorp.vn\/en\/wp-json\/wp\/v2\/types\/product"}],"replies":[{"embeddable":true,"href":"https:\/\/3scorp.vn\/en\/wp-json\/wp\/v2\/comments?post=1174"}],"version-history":[{"count":2,"href":"https:\/\/3scorp.vn\/en\/wp-json\/wp\/v2\/product\/1174\/revisions"}],"predecessor-version":[{"id":1187,"href":"https:\/\/3scorp.vn\/en\/wp-json\/wp\/v2\/product\/1174\/revisions\/1187"}],"wp:featuredmedia":[{"embeddable":true,"href":"https:\/\/3scorp.vn\/en\/wp-json\/wp\/v2\/media\/1186"}],"wp:attachment":[{"href":"https:\/\/3scorp.vn\/en\/wp-json\/wp\/v2\/media?parent=1174"}],"wp:term":[{"taxonomy":"product_cat","embeddable":true,"href":"https:\/\/3scorp.vn\/en\/wp-json\/wp\/v2\/product_cat?post=1174"},{"taxonomy":"product_tag","embeddable":true,"href":"https:\/\/3scorp.vn\/en\/wp-json\/wp\/v2\/product_tag?post=1174"}],"curies":[{"name":"wp","href":"https:\/\/api.w.org\/{rel}","templated":true}]}}