{"id":1175,"date":"2024-01-29T18:11:03","date_gmt":"2024-01-29T11:11:03","guid":{"rendered":"https:\/\/3scorp.vn\/?post_type=product&#038;p=1175"},"modified":"2024-01-29T18:24:58","modified_gmt":"2024-01-29T11:24:58","slug":"cbxenc","status":"publish","type":"product","link":"https:\/\/3scorp.vn\/en\/product\/cbxenc\/","title":{"rendered":"CBXenc"},"content":{"rendered":"","protected":false},"excerpt":{"rendered":"<p>S\u1ea3n ph\u1ea9m m\u1eadt m\u00e3 d\u00e2n s\u1ef1, s\u1eed d\u1ee5ng k\u00eanh truy\u1ec1n IP, 3G\/4G, c\u00f3 ch\u1ee9c n\u0103ng: B\u1ea3o m\u1eadt k\u00eanh truy\u1ec1n; M\u00e3 h\u00f3a d\u1eef li\u1ec7u; X\u00e1c th\u1ef1c hai chi\u1ec1u; B\u1ea3o to\u00e0n d\u1eef li\u1ec7u, ch\u1ed1ng ch\u1ed1i b\u1ecf.<\/p>\n<p>S\u1ea3n ph\u1ea9m ph\u00f9 h\u1ee3p v\u1edbi c\u00e1c l\u0129nh v\u1ef1c: Ng\u00e2n h\u00e0ng (b\u1ea3o m\u1eadt d\u1eef li\u1ec7u t\u1eeb ATM, ph\u00f2ng giao d\u1ecbch, chi nh\u00e1nh v\u1ec1 trung t\u00e2m); \u0110i\u1ec7n l\u1ef1c (b\u1ea3o m\u1eadt d\u1eef li\u1ec7u t\u1eeb c\u00e1c tr\u1ea1m bi\u1ebfn \u00e1p, nh\u00e0 m\u00e1y ph\u00e1t \u0111i\u1ec7n v\u1ec1 trung t\u00e2m); Ph\u00e1t th\u00e0nh, truy\u1ec1n h\u00ecnh (b\u1ea3o m\u1eadt d\u1eef li\u1ec7u h\u1ed9i ngh\u1ecb truy\u1ec1n h\u00ecnh tr\u1ef1c tuy\u1ebfn, \u00e2m thanh, h\u00ecnh \u1ea3nh, camera); \u2026<\/p>","protected":false},"featured_media":1189,"comment_status":"open","ping_status":"closed","template":"","meta":{"neve_meta_sidebar":"","neve_meta_container":"","neve_meta_enable_content_width":"off","neve_meta_content_width":100,"neve_meta_title_alignment":"","neve_meta_author_avatar":"","neve_post_elements_order":"","neve_meta_disable_header":"","neve_meta_disable_footer":"","neve_meta_disable_title":"","pgc_sgb_lightbox_settings":""},"product_cat":[17,24],"product_tag":[],"acf":[],"_links":{"self":[{"href":"https:\/\/3scorp.vn\/en\/wp-json\/wp\/v2\/product\/1175"}],"collection":[{"href":"https:\/\/3scorp.vn\/en\/wp-json\/wp\/v2\/product"}],"about":[{"href":"https:\/\/3scorp.vn\/en\/wp-json\/wp\/v2\/types\/product"}],"replies":[{"embeddable":true,"href":"https:\/\/3scorp.vn\/en\/wp-json\/wp\/v2\/comments?post=1175"}],"version-history":[{"count":3,"href":"https:\/\/3scorp.vn\/en\/wp-json\/wp\/v2\/product\/1175\/revisions"}],"predecessor-version":[{"id":1190,"href":"https:\/\/3scorp.vn\/en\/wp-json\/wp\/v2\/product\/1175\/revisions\/1190"}],"wp:featuredmedia":[{"embeddable":true,"href":"https:\/\/3scorp.vn\/en\/wp-json\/wp\/v2\/media\/1189"}],"wp:attachment":[{"href":"https:\/\/3scorp.vn\/en\/wp-json\/wp\/v2\/media?parent=1175"}],"wp:term":[{"taxonomy":"product_cat","embeddable":true,"href":"https:\/\/3scorp.vn\/en\/wp-json\/wp\/v2\/product_cat?post=1175"},{"taxonomy":"product_tag","embeddable":true,"href":"https:\/\/3scorp.vn\/en\/wp-json\/wp\/v2\/product_tag?post=1175"}],"curies":[{"name":"wp","href":"https:\/\/api.w.org\/{rel}","templated":true}]}}