{"id":1295,"date":"2025-03-29T15:09:03","date_gmt":"2025-03-29T08:09:03","guid":{"rendered":"https:\/\/3scorp.vn\/?post_type=product&#038;p=1295"},"modified":"2025-03-29T15:26:31","modified_gmt":"2025-03-29T08:26:31","slug":"cbxlrf","status":"publish","type":"product","link":"https:\/\/3scorp.vn\/en\/product\/cbxlrf\/","title":{"rendered":"CBXLrf"},"content":{"rendered":"<h2><strong>M\u00f4 t\u1ea3 thi\u1ebft b\u1ecb:<\/strong><\/h2>\n<p>&#8211; C\u00f3 02 ngu\u1ed3n \u0111i\u1ec7n, ngu\u1ed3n \u0111i\u1ec7n ch\u00ednh 180-245 V-AC v\u00e0 ngu\u1ed3n d\u1ef1 ph\u00f2ng Pin Lithium 3,7V-5000mAh.<\/p>\n<p>&#8211; C\u00f3 02 k\u00eanh truy\u1ec1n tin: WIFI, 2\/4G (t\u00f9y ch\u1ecdn) k\u1ebft n\u1ed1i trung t\u00e2m;<\/p>\n<p>&#8211; C\u00f3 01z (DI) k\u1ebft n\u1ed1i v\u1edbi n\u00fat \u1ea5n b\u00e1o ch\u00e1y c\u00f3 d\u00e2y;<\/p>\n<p>&#8211; H\u1ed7 tr\u1ee3 ng\u01b0\u1eddi d\u00f9ng ph\u00e2n lo\u1ea1i t\u00edn hi\u1ec7u\/x\u1eed l\u00fd b\u00e1o gi\u1ea3;<\/p>\n<p>&#8211; H\u1ed7 tr\u1ee3 k\u1ebft n\u1ed1i 90 tr\u1ef1c ti\u1ebfp\/max 540 (mesh) c\u1ea3m bi\u1ebfn kh\u00f4ng d\u00e2y c\u00f4ng ngh\u1ec7 Lora ki\u1ec3m so\u00e1t thi\u1ebft b\u1ecb ngo\u1ea1i vi.<\/p>\n<h2><strong>H\u01b0\u1edbng d\u1eabn s\u1eed d\u1ee5ng:<\/strong><\/h2>\n<p>&#8211; <a href='\/wp-content\/uploads\/2025\/03\/HUONG-DAN-SU-DUNG-CBX-LRF-27032025.pdf'>H\u01b0\u1edbng d\u1eabn s\u1eed d\u1ee5ng CBX LRF<\/a><\/p>","protected":false},"excerpt":{"rendered":"<p>S\u1ea3n ph\u1ea9m ph\u00f9 h\u1ee3p v\u1edbi c\u01a1 s\u1edf kh\u00e1ch h\u00e0ng c\u00f3 y\u00eau c\u1ea7u ph\u1ea3i th\u1ea9m duy\u1ec7t v\u1ec1 ph\u00f2ng ch\u00e1y ch\u1eefa ch\u00e1y.<\/p>","protected":false},"featured_media":1294,"comment_status":"closed","ping_status":"closed","template":"","meta":{"neve_meta_sidebar":"","neve_meta_container":"","neve_meta_enable_content_width":"off","neve_meta_content_width":100,"neve_meta_title_alignment":"","neve_meta_author_avatar":"","neve_post_elements_order":"","neve_meta_disable_header":"","neve_meta_disable_footer":"","neve_meta_disable_title":"","pgc_sgb_lightbox_settings":""},"product_cat":[17,24],"product_tag":[],"acf":[],"_links":{"self":[{"href":"https:\/\/3scorp.vn\/en\/wp-json\/wp\/v2\/product\/1295"}],"collection":[{"href":"https:\/\/3scorp.vn\/en\/wp-json\/wp\/v2\/product"}],"about":[{"href":"https:\/\/3scorp.vn\/en\/wp-json\/wp\/v2\/types\/product"}],"replies":[{"embeddable":true,"href":"https:\/\/3scorp.vn\/en\/wp-json\/wp\/v2\/comments?post=1295"}],"version-history":[{"count":4,"href":"https:\/\/3scorp.vn\/en\/wp-json\/wp\/v2\/product\/1295\/revisions"}],"predecessor-version":[{"id":1301,"href":"https:\/\/3scorp.vn\/en\/wp-json\/wp\/v2\/product\/1295\/revisions\/1301"}],"wp:featuredmedia":[{"embeddable":true,"href":"https:\/\/3scorp.vn\/en\/wp-json\/wp\/v2\/media\/1294"}],"wp:attachment":[{"href":"https:\/\/3scorp.vn\/en\/wp-json\/wp\/v2\/media?parent=1295"}],"wp:term":[{"taxonomy":"product_cat","embeddable":true,"href":"https:\/\/3scorp.vn\/en\/wp-json\/wp\/v2\/product_cat?post=1295"},{"taxonomy":"product_tag","embeddable":true,"href":"https:\/\/3scorp.vn\/en\/wp-json\/wp\/v2\/product_tag?post=1295"}],"curies":[{"name":"wp","href":"https:\/\/api.w.org\/{rel}","templated":true}]}}